{"id":10376,"date":"2022-03-22T09:10:52","date_gmt":"2022-03-22T09:10:52","guid":{"rendered":"https:\/\/apic.cat\/?page_id=10376"},"modified":"2024-07-10T10:29:23","modified_gmt":"2024-07-10T10:29:23","slug":"codi-de-bones-practiques","status":"publish","type":"page","link":"https:\/\/apic.cat\/cas\/codi-de-bones-practiques\/","title":{"rendered":"C\u00f3digo de buenas pr\u00e1cticas"},"content":{"rendered":"<p><strong>Las buenas pr\u00e1cticas para los clientes<\/strong><br>Gu\u00eda para orientar a los clientes sobre c\u00f3mo deben proceder a la hora de realizar un encargo a un ilustrador garantizando el resultado esperado y evitando malentendidos y problemas posteriores. La buena comunicaci\u00f3n y respeto entre el ilustrador y el cliente son claves para obtener un resultado satisfactorio para ambas partes.<\/p>\n\n\n\n<p><strong>Les bones pr\u00e0ctiques per als il\u00b7lustradors<\/strong><br>Gu\u00eda de buena conducta que, como miembros de la APIC, deber\u00eda respetarse, en la medida en que sea razonable, para proteger mejor los intereses de todo el colectivo.<\/p>\n\n\n\n<p><a href=\"https:\/\/apic.cat\/wp-content\/uploads\/2024\/07\/CODI-DE-BONES-PRACTIQUES.pdf\" target=\"_blank\" rel=\"noreferrer noopener\">Consulta el documento<\/a><\/p>","protected":false},"excerpt":{"rendered":"<p>Les bones pr\u00e0ctiques per als clientsGuia per orientar els clients sobre com han de procedir a l\u2019hora de fer un enc\u00e0rrec a un il\u00b7lustrador garantint-se el resultat esperat i evitant malentesos i problemes posteriors. La bona comunicaci\u00f3 i el respecte entre l&#8217;il\u00b7lustrador i el client s\u00f3n claus per a obtenir un resultat satisfactori per a [&hellip;]<\/p>","protected":false},"author":72,"featured_media":0,"parent":0,"menu_order":0,"comment_status":"closed","ping_status":"closed","template":"","meta":{"_acf_changed":false,"footnotes":""},"class_list":["post-10376","page","type-page","status-publish","hentry"],"acf":[],"_links":{"self":[{"href":"https:\/\/apic.cat\/cas\/wp-json\/wp\/v2\/pages\/10376","targetHints":{"allow":["GET"]}}],"collection":[{"href":"https:\/\/apic.cat\/cas\/wp-json\/wp\/v2\/pages"}],"about":[{"href":"https:\/\/apic.cat\/cas\/wp-json\/wp\/v2\/types\/page"}],"author":[{"embeddable":true,"href":"https:\/\/apic.cat\/cas\/wp-json\/wp\/v2\/users\/72"}],"replies":[{"embeddable":true,"href":"https:\/\/apic.cat\/cas\/wp-json\/wp\/v2\/comments?post=10376"}],"version-history":[{"count":6,"href":"https:\/\/apic.cat\/cas\/wp-json\/wp\/v2\/pages\/10376\/revisions"}],"predecessor-version":[{"id":42347,"href":"https:\/\/apic.cat\/cas\/wp-json\/wp\/v2\/pages\/10376\/revisions\/42347"}],"wp:attachment":[{"href":"https:\/\/apic.cat\/cas\/wp-json\/wp\/v2\/media?parent=10376"}],"curies":[{"name":"wp","href":"https:\/\/api.w.org\/{rel}","templated":true}]}}