{"id":24,"date":"2021-03-17T06:59:39","date_gmt":"2021-03-17T06:59:39","guid":{"rendered":"http:\/\/localhost:88\/?page_id=24"},"modified":"2022-07-27T08:56:11","modified_gmt":"2022-07-27T08:56:11","slug":"contacte","status":"publish","type":"page","link":"https:\/\/apic.cat\/cas\/contacte\/","title":{"rendered":"Contacto"},"content":{"rendered":"<div class=\"page-content-header\">\n    <i><\/i>\n    <a class=\"breadcrumb\" href=\"\/cas\/contacte\/\"> Contacto <\/a>\n   \n    <h2>Asociaci\u00f3n Profesional de Ilustradores de Catalu\u00f1a<\/h2>\n    <h4><p>Carrer Londres, 96, principal 2a<br \/>\n08036 Barcelona<br \/>\n+34 934 161 474<br \/>\ninfo@apic.cat<\/p>\n<\/h4>\n    <h5><p>Horario de atenci\u00f3n telef\u00f3nica<br \/>\nDe lunes a viernes de 10 a 14 h<\/p>\n<p>Horario de atenci\u00f3n presencial<br \/>\nSolicitar cita previa<\/p>\n<\/h5>\n    <div class=\"xxss\">\n    <div class=\"menu-social-networks-container\"><ul id=\"social-menu\" class=\"menu\"><li id=\"menu-item-415\" class=\"menu-item menu-item-type-custom menu-item-object-custom menu-item-415\"><a target=\"_blank\" href=\"https:\/\/www.instagram.com\/apicapic\/\"><i class=\"_mi fab fa-instagram\" aria-hidden=\"true\"><\/i><span class=\"visuallyhidden\">Instagram<\/span><\/a><\/li>\n<li id=\"menu-item-416\" class=\"menu-item menu-item-type-custom menu-item-object-custom menu-item-416\"><a target=\"_blank\" href=\"https:\/\/es-es.facebook.com\/APICil.lustracio\/\"><i class=\"_mi fab fa-facebook-f\" aria-hidden=\"true\"><\/i><span class=\"visuallyhidden\">facebook<\/span><\/a><\/li>\n<li id=\"menu-item-417\" class=\"menu-item menu-item-type-custom menu-item-object-custom menu-item-417\"><a target=\"_blank\" href=\"https:\/\/twitter.com\/apicapic\"><i class=\"_mi dashicons dashicons-twitter\" aria-hidden=\"true\"><\/i><span class=\"visuallyhidden\">twitter<\/span><\/a><\/li>\n<li id=\"menu-item-418\" class=\"menu-item menu-item-type-custom menu-item-object-custom menu-item-418\"><a target=\"_blank\" href=\"https:\/\/www.youtube.com\/channel\/UCYEyeZIXJs4VUo1ACfdth7A\"><i class=\"_mi fab fa-youtube\" aria-hidden=\"true\"><\/i><span class=\"visuallyhidden\">youtube<\/span><\/a><\/li>\n<\/ul><\/div>    <\/div>\n<\/div>\n\n\n\n\n<iframe src=\"https:\/\/www.google.com\/maps\/embed?pb=!1m18!1m12!1m3!1d10978.957320804042!2d2.1492015400790345!3d41.39234317619771!2m3!1f0!2f0!3f0!3m2!1i1024!2i768!4f13.1!3m3!1m2!1s0x12a4a2991165f169%3A0x4eb177fe3491a77d!2sAssociaci%C3%B3%20Profesional%20d%27Il%C2%B7lustradors%20de%20Catalunya!5e0!3m2!1sca!2ses!4v1616432949644!5m2!1sca!2ses\" width=\"100%\" height=\"500\" style=\"border:0;\" allowfullscreen=\"\" loading=\"lazy\"><\/iframe>\n\n\n\n<div class=\"wp-block-contact-form-7-contact-form-selector\">\n<div class=\"wpcf7 no-js\" id=\"wpcf7-f188-o1\" lang=\"en-US\" dir=\"ltr\" data-wpcf7-id=\"188\">\n<div class=\"screen-reader-response\"><p role=\"status\" aria-live=\"polite\" aria-atomic=\"true\"><\/p> <ul><\/ul><\/div>\n<form action=\"\/cas\/wp-json\/wp\/v2\/pages\/24#wpcf7-f188-o1\" method=\"post\" class=\"wpcf7-form init\" aria-label=\"Formulario de contacto\" novalidate=\"novalidate\" data-status=\"init\" data-trp-original-action=\"\/cas\/wp-json\/wp\/v2\/pages\/24#wpcf7-f188-o1\">\n<fieldset class=\"hidden-fields-container\"><input type=\"hidden\" name=\"_wpcf7\" value=\"188\" \/><input type=\"hidden\" name=\"_wpcf7_version\" value=\"6.1.5\" \/><input type=\"hidden\" name=\"_wpcf7_locale\" value=\"en_US\" \/><input type=\"hidden\" name=\"_wpcf7_unit_tag\" value=\"wpcf7-f188-o1\" \/><input type=\"hidden\" name=\"_wpcf7_container_post\" value=\"0\" \/><input type=\"hidden\" name=\"_wpcf7_posted_data_hash\" value=\"\" \/><input type=\"hidden\" name=\"_wpcf7cf_hidden_group_fields\" value=\"[]\" \/><input type=\"hidden\" name=\"_wpcf7cf_hidden_groups\" value=\"[]\" \/><input type=\"hidden\" name=\"_wpcf7cf_visible_groups\" value=\"[]\" \/><input type=\"hidden\" name=\"_wpcf7cf_repeaters\" value=\"[]\" \/><input type=\"hidden\" name=\"_wpcf7cf_steps\" value=\"{}\" \/><input type=\"hidden\" name=\"_wpcf7cf_options\" value=\"{&quot;form_id&quot;:188,&quot;conditions&quot;:[],&quot;settings&quot;:{&quot;animation&quot;:&quot;yes&quot;,&quot;animation_intime&quot;:200,&quot;animation_outtime&quot;:200,&quot;conditions_ui&quot;:&quot;normal&quot;,&quot;notice_dismissed&quot;:false,&quot;notice_dismissed_rollback-cf7-5.8.6&quot;:true,&quot;notice_dismissed_rollback-cf7-5.9.7&quot;:true}}\" \/>\n<\/fieldset>\n<h3>Hola! Quieres preguntarnos algo?\n<\/h3>\n<p><label><br \/>\n<span class=\"wpcf7-form-control-wrap\" data-name=\"your-name\"><input size=\"40\" maxlength=\"400\" class=\"wpcf7-form-control wpcf7-text wpcf7-validates-as-required\" aria-required=\"true\" aria-invalid=\"false\" placeholder=\"Nombre y apellido\" value=\"\" type=\"text\" name=\"your-name\" \/><\/span> <\/label><br \/>\n<label><br \/>\n<span class=\"wpcf7-form-control-wrap\" data-name=\"your-email\"><input size=\"40\" maxlength=\"400\" class=\"wpcf7-form-control wpcf7-email wpcf7-validates-as-required wpcf7-text wpcf7-validates-as-email\" aria-required=\"true\" aria-invalid=\"false\" placeholder=\"Email\" value=\"\" type=\"email\" name=\"your-email\" \/><\/span> <\/label><br \/>\n<label><br \/>\n<span class=\"wpcf7-form-control-wrap\" data-name=\"your-phone\"><input size=\"40\" maxlength=\"400\" class=\"wpcf7-form-control wpcf7-tel wpcf7-validates-as-required wpcf7-text wpcf7-validates-as-tel\" aria-required=\"true\" aria-invalid=\"false\" placeholder=\"Tel\u00e9fono\" value=\"\" type=\"tel\" name=\"your-phone\" \/><\/span> <\/label>\n<\/p>\n<p>Eres socio\/socia?<br \/>\n<span class=\"wpcf7-form-control-wrap\" data-name=\"is-member\"><span class=\"wpcf7-form-control wpcf7-radio\"><span class=\"wpcf7-list-item first\"><label><input type=\"radio\" name=\"is-member\" value=\"S\u00ed\" checked=\"checked\" \/><span class=\"wpcf7-list-item-label\">S\u00ed<\/span><\/label><\/span><span class=\"wpcf7-list-item last\"><label><input type=\"radio\" name=\"is-member\" value=\"No\" \/><span class=\"wpcf7-list-item-label\">No<\/span><\/label><\/span><\/span><\/span>\n<\/p>\n<p><label><br \/>\n<span class=\"wpcf7-form-control-wrap\" data-name=\"your-message\"><textarea cols=\"40\" rows=\"10\" maxlength=\"2000\" class=\"wpcf7-form-control wpcf7-textarea\" aria-invalid=\"false\" placeholder=\"Mensaje\" name=\"your-message\"><\/textarea><\/span><br \/>\n<\/label>\n<\/p>\n<div class=\"submit\">\n\t<p><span class=\"wpcf7-form-control-wrap\" data-name=\"checkbox-accept\"><span class=\"wpcf7-form-control wpcf7-checkbox wpcf7-validates-as-required\"><span class=\"wpcf7-list-item first last\"><label><input type=\"checkbox\" name=\"checkbox-accept[]\" value=\"Accepto la pol\u00edtica de privacitat.\" \/><span class=\"wpcf7-list-item-label\">Acepto la pol\u00edtica de privacidad.<\/span><\/label><\/span><\/span><\/span>\n\t<\/p>\n\t<p><input class=\"wpcf7-form-control wpcf7-submit has-spinner\" type=\"submit\" value=\"Contactar\" \/>\n\t<\/p>\n<\/div><div class=\"wpcf7-response-output\" aria-hidden=\"true\"><\/div>\n<input type=\"hidden\" name=\"trp-form-language\" value=\"cas\"\/><\/form>\n<\/div>\n<\/div>\n\n\n\n<div class=\"wp-block-contact-form-7-contact-form-selector\">\n<div class=\"wpcf7 no-js\" id=\"wpcf7-f189-o2\" lang=\"en-US\" dir=\"ltr\" data-wpcf7-id=\"189\">\n<div class=\"screen-reader-response\"><p role=\"status\" aria-live=\"polite\" aria-atomic=\"true\"><\/p> <ul><\/ul><\/div>\n<form action=\"\/cas\/wp-json\/wp\/v2\/pages\/24#wpcf7-f189-o2\" method=\"post\" class=\"wpcf7-form init\" aria-label=\"Formulario de contacto\" novalidate=\"novalidate\" data-status=\"init\" data-trp-original-action=\"\/cas\/wp-json\/wp\/v2\/pages\/24#wpcf7-f189-o2\">\n<fieldset class=\"hidden-fields-container\"><input type=\"hidden\" name=\"_wpcf7\" value=\"189\" \/><input type=\"hidden\" name=\"_wpcf7_version\" value=\"6.1.5\" \/><input type=\"hidden\" name=\"_wpcf7_locale\" value=\"en_US\" \/><input type=\"hidden\" name=\"_wpcf7_unit_tag\" value=\"wpcf7-f189-o2\" \/><input type=\"hidden\" name=\"_wpcf7_container_post\" value=\"0\" \/><input type=\"hidden\" name=\"_wpcf7_posted_data_hash\" value=\"\" \/><input type=\"hidden\" name=\"_wpcf7cf_hidden_group_fields\" value=\"[]\" \/><input type=\"hidden\" name=\"_wpcf7cf_hidden_groups\" value=\"[]\" \/><input type=\"hidden\" name=\"_wpcf7cf_visible_groups\" value=\"[]\" \/><input type=\"hidden\" name=\"_wpcf7cf_repeaters\" value=\"[]\" \/><input type=\"hidden\" name=\"_wpcf7cf_steps\" value=\"{}\" \/><input type=\"hidden\" name=\"_wpcf7cf_options\" value=\"{&quot;form_id&quot;:189,&quot;conditions&quot;:[],&quot;settings&quot;:{&quot;animation&quot;:&quot;yes&quot;,&quot;animation_intime&quot;:200,&quot;animation_outtime&quot;:200,&quot;conditions_ui&quot;:&quot;normal&quot;,&quot;notice_dismissed&quot;:false,&quot;notice_dismissed_rollback-cf7-5.8.6&quot;:true,&quot;notice_dismissed_rollback-cf7-5.9.7&quot;:true}}\" \/>\n<\/fieldset>\n<h3>Suscr\u00edbete al newsletter\n<\/h3>\n<p><label><br \/>\n<span class=\"wpcf7-form-control-wrap\" data-name=\"your-name\"><input size=\"40\" maxlength=\"400\" class=\"wpcf7-form-control wpcf7-text wpcf7-validates-as-required\" aria-required=\"true\" aria-invalid=\"false\" placeholder=\"Nom i cognom\" value=\"\" type=\"text\" name=\"your-name\" \/><\/span> <\/label>\n<\/p>\n<p><label><br \/>\n<span class=\"wpcf7-form-control-wrap\" data-name=\"your-email\"><input size=\"40\" maxlength=\"400\" class=\"wpcf7-form-control wpcf7-email wpcf7-validates-as-required wpcf7-text wpcf7-validates-as-email\" aria-required=\"true\" aria-invalid=\"false\" placeholder=\"Email\" value=\"\" type=\"email\" name=\"your-email\" \/><\/span> <\/label>\n<\/p>\n<div class=\"submit\">\n\t<p><span class=\"wpcf7-form-control-wrap\" data-name=\"checkbox-acceptance\"><span class=\"wpcf7-form-control wpcf7-checkbox wpcf7-validates-as-required\"><span class=\"wpcf7-list-item first last\"><label><input type=\"checkbox\" name=\"checkbox-acceptance[]\" value=\"Accepto la pol\u00edtica de privacitat.\" \/><span class=\"wpcf7-list-item-label\">Acepto la pol\u00edtica de privacidad.<\/span><\/label><\/span><\/span><\/span>\n\t<\/p>\n\t<p><input class=\"wpcf7-form-control wpcf7-submit has-spinner\" type=\"submit\" value=\"Enviar\" \/>\n\t<\/p>\n<\/div><div class=\"wpcf7-response-output\" aria-hidden=\"true\"><\/div>\n<input type=\"hidden\" name=\"trp-form-language\" value=\"cas\"\/><\/form>\n<\/div>\n<\/div>\n\n\n\n<p><\/p>\n\n\n\n<p class=\"contact-p has-medium-font-size\">Informaci\u00f3n b\u00e1sica sobre protecci\u00f3n de datos<\/p>\n\n\n\n<figure class=\"wp-block-table\"><table><tbody><tr><td>Responsable<\/td><td>Asociaci\u00f3 Professional d'Il\u00b7lustradors de Catalunya<\/td><\/tr><tr><td>Finalidad<\/td><td>Trataremos sus datos para atender sus dudas, consultas y sugerencias<\/td><\/tr><tr><td>Derechos de los titulares<\/td><td>De acceso, rectificaci\u00f3n, supresi\u00f3n, limitaci\u00f3n del tratamiento, y<br>de oposici\u00f3n al tratamiento, dirigi\u00e9ndose al registro de entrada en\u00a0<a href=\"mailto:info@apic.es\">info@apic.cat<\/a><\/td><\/tr><\/tbody><\/table><\/figure>\n\n\n\n<p class=\"contact-content wp-block-table\">Para saber m\u00e1s sobre nuestra pol\u00edtica de privacidad&nbsp;<a href=\"https:\/\/apic.cat\/cas\/politica-de-privacitat\/\" target=\"_blank\" rel=\"noreferrer noopener\">clica aqu\u00ed.<\/a><\/p>","protected":false},"excerpt":{"rendered":"<p>Informaci\u00f3 b\u00e0sica sobre protecci\u00f3 de dades Responsable Associaci\u00f3 Professional d\u2019Il\u00b7lustradors de Catalunya Finalitat Tractarem les seves dades per atendre els seus dubtes, consultes y suggeriments Drets dels titulars D\u2019acc\u00e9s, rectificaci\u00f3, supressi\u00f3, limitaci\u00f3 del tractament, id\u2019oposici\u00f3 al tractament, dirigint-se al registre d\u2019entrada a\u00a0info@apic.cat Per saber m\u00e9s sobre la nostra pol\u00edtica de privacitat&nbsp;cliqui aqu\u00ed.<\/p>","protected":false},"author":766,"featured_media":0,"parent":0,"menu_order":0,"comment_status":"closed","ping_status":"closed","template":"template-parts\/contact-template.php","meta":{"_acf_changed":false,"footnotes":""},"class_list":["post-24","page","type-page","status-publish","hentry"],"acf":[],"_links":{"self":[{"href":"https:\/\/apic.cat\/cas\/wp-json\/wp\/v2\/pages\/24","targetHints":{"allow":["GET"]}}],"collection":[{"href":"https:\/\/apic.cat\/cas\/wp-json\/wp\/v2\/pages"}],"about":[{"href":"https:\/\/apic.cat\/cas\/wp-json\/wp\/v2\/types\/page"}],"author":[{"embeddable":true,"href":"https:\/\/apic.cat\/cas\/wp-json\/wp\/v2\/users\/766"}],"replies":[{"embeddable":true,"href":"https:\/\/apic.cat\/cas\/wp-json\/wp\/v2\/comments?post=24"}],"version-history":[{"count":33,"href":"https:\/\/apic.cat\/cas\/wp-json\/wp\/v2\/pages\/24\/revisions"}],"predecessor-version":[{"id":23827,"href":"https:\/\/apic.cat\/cas\/wp-json\/wp\/v2\/pages\/24\/revisions\/23827"}],"wp:attachment":[{"href":"https:\/\/apic.cat\/cas\/wp-json\/wp\/v2\/media?parent=24"}],"curies":[{"name":"wp","href":"https:\/\/api.w.org\/{rel}","templated":true}]}}