{"id":295,"date":"2021-04-26T08:07:39","date_gmt":"2021-04-26T08:07:39","guid":{"rendered":"http:\/\/localhost:88\/?page_id=295"},"modified":"2022-07-27T09:00:41","modified_gmt":"2022-07-27T09:00:41","slug":"avis-legal","status":"publish","type":"page","link":"https:\/\/apic.cat\/cas\/avis-legal\/","title":{"rendered":"Aviso legal"},"content":{"rendered":"<h3 class=\"wp-block-heading\">Informaci\u00f3n general<\/h3>\n\n\n\n<p>Asociaci\u00f3 Professional d'Il\u00b7lustradors de Catalunya<br>Datos de registro: Departament de Treball, dep\u00f3sito 08\/12-C<br>G58205857<br><a href=\"https:\/\/www.apic.es\/\">www.apic.cat<\/a><\/p>\n\n\n\n<h3 class=\"wp-block-heading\">Propiedad Intelectual y uso de los contenidos<\/h3>\n\n\n\n<p>Quedan reservados a favor de APIC todos los derechos sobre los contenidos (texto, gr\u00e1ficos, fotograf\u00edas, im\u00e1genes y otros) de la presente p\u00e1gina web.<\/p>\n\n\n\n<p>Los contenidos de la presente p\u00e1gina web y especialmente todas las im\u00e1genes presentes en \u00e9sta est\u00e1n protegidas por las leyes y tratados internacionales sobre Propiedad Intelectual o Copyright. En consecuencia, queda totalmente prohibida cualquier utilizaci\u00f3n, total o parcial, del contenido de la presente p\u00e1gina web sin el consentimiento por escrito del titular de los derechos correspondientes.<\/p>\n\n\n\n<h3 class=\"wp-block-heading\">Protecci\u00f3n de datos<\/h3>\n\n\n\n<p>APIC se reserva la facultad de incluir los datos que el usuario de la p\u00e1gina web le facilite voluntariamente, mediante los correos electr\u00f3nicos puestos a su disposici\u00f3n en la presente p\u00e1gina web, en un fichero automatizado de datos de car\u00e1cter personal creado bajo su responsabilidad, con el fin de poder gestionar las consultas de los usuarios y poder enviarles informaci\u00f3n que considere de su inter\u00e9s por cualquier medio.<\/p>\n\n\n\n<p>En relaci\u00f3n con estos datos, el usuario podr\u00e1 ejercitar los derechos de acceso, rectificaci\u00f3n o cancelaci\u00f3n de datos y oposici\u00f3n, as\u00ed como el derecho de invalidar el consentimiento otorgado para la cesi\u00f3n de sus datos.<\/p>\n\n\n\n<p>Para el ejercicio de estos derechos el usuario deber\u00e1 dirigir la solicitud por escrito al APIC en la siguiente direcci\u00f3n: C. Londres 96 pral. 2a, 08036 Barcelona.<\/p>\n\n\n\n<p>APIC se compromete a tratar la informaci\u00f3n que recibe con la mayor confidencialidad.<\/p>\n\n\n\n<h3 class=\"wp-block-heading\">Limitaciones o exclusiones de responsabilidad<\/h3>\n\n\n\n<p>El usuario que utiliza esta p\u00e1gina web lo hace por su propia cuenta y riesgo.<\/p>\n\n\n\n<p>APIC no se responsabiliza de los errores u omisiones que pueda contener esta p\u00e1gina web y tampoco ser\u00e1 responsable de cualquier tipo de perjuicio derivado de su utilizaci\u00f3n.<\/p>\n\n\n\n<p>APIC no responde por los da\u00f1os y perjuicios que alg\u00fan virus u otros elementos lesivos pudieran afectar al sistema inform\u00e1tico, documentos o ficheros de los usuarios de esta p\u00e1gina web.<\/p>","protected":false},"excerpt":{"rendered":"<p>Informaci\u00f3 general Associaci\u00f3 Professional d\u2019Il\u00b7lustradors de CatalunyaDades de registre: Departament de Treball, dip\u00f2sit 08\/12-CG58205857www.apic.cat Propietat Intel\u00b7lectual i \u00fas dels continguts Queden reservats a favor de l\u2019APIC tots els drets sobre els continguts (text, gr\u00e0fics, fotografies, imatges i altres) de la present p\u00e0gina web. Els continguts de la present p\u00e0gina web i especialment totes les imatges [&hellip;]<\/p>","protected":false},"author":766,"featured_media":0,"parent":0,"menu_order":0,"comment_status":"closed","ping_status":"closed","template":"template-parts\/cookie-page-template.php","meta":{"_acf_changed":false,"footnotes":""},"class_list":["post-295","page","type-page","status-publish","hentry"],"acf":[],"_links":{"self":[{"href":"https:\/\/apic.cat\/cas\/wp-json\/wp\/v2\/pages\/295","targetHints":{"allow":["GET"]}}],"collection":[{"href":"https:\/\/apic.cat\/cas\/wp-json\/wp\/v2\/pages"}],"about":[{"href":"https:\/\/apic.cat\/cas\/wp-json\/wp\/v2\/types\/page"}],"author":[{"embeddable":true,"href":"https:\/\/apic.cat\/cas\/wp-json\/wp\/v2\/users\/766"}],"replies":[{"embeddable":true,"href":"https:\/\/apic.cat\/cas\/wp-json\/wp\/v2\/comments?post=295"}],"version-history":[{"count":4,"href":"https:\/\/apic.cat\/cas\/wp-json\/wp\/v2\/pages\/295\/revisions"}],"predecessor-version":[{"id":16902,"href":"https:\/\/apic.cat\/cas\/wp-json\/wp\/v2\/pages\/295\/revisions\/16902"}],"wp:attachment":[{"href":"https:\/\/apic.cat\/cas\/wp-json\/wp\/v2\/media?parent=295"}],"curies":[{"name":"wp","href":"https:\/\/api.w.org\/{rel}","templated":true}]}}