{"id":297,"date":"2021-04-26T08:07:49","date_gmt":"2021-04-26T08:07:49","guid":{"rendered":"http:\/\/localhost:88\/?page_id=297"},"modified":"2022-07-27T09:02:59","modified_gmt":"2022-07-27T09:02:59","slug":"politica-de-privacitat","status":"publish","type":"page","link":"https:\/\/apic.cat\/cas\/politica-de-privacitat\/","title":{"rendered":"Pol\u00edtica de privacidad"},"content":{"rendered":"<p>El dominio\u00a0<a href=\"https:\/\/apic.cat\/cas\/\">www.apic.cat<\/a>\u00a0es propiedad de\u00a0<strong>L\u2019Associaci\u00f3 Professional d\u2019Il\u00b7lustradors de Catalunya\u00a0<\/strong>y como responsable del tratamiento garantiza un nivel adecuado y coherente de protecci\u00f3n de las personas f\u00edsicas respecto a sus datos personales de acuerdo con lo establecido en el Reglamento Europeo de Protecci\u00f3n de datos (679\/2016) y la Ley Org\u00e1nica 3\/2018 de Protecci\u00f3n de datos Personales y garant\u00eda de Derechos Digitales.<\/p>\n\n\n\n<p>Tratar\u00e1 sus datos personales con total lealtad y compromiso de acuerdo a las bases jur\u00eddicas que permitan la licitud del tratamiento.<\/p>\n\n\n\n<p>Para dar cumplimiento al reglamento 679\/2016 y la ley org\u00e1nica 3\/2018, se ha elaborado un registro de actividades de tratamiento y se han adoptado las medidas de seguridad tanto t\u00e9cnicas como organizativas necesarias para garantizar los derechos y libertades de las personas afectadas por el tratamiento realizados por La Asociaci\u00f3n Profesional de Ilustradores de Catalu\u00f1a.&nbsp;<strong>L\u2019Associaci\u00f3 Professional d\u2019Il\u00b7lustradors de Catalunya<\/strong><\/p>\n\n\n\n<p>Adem\u00e1s aplica el principio de transparencia en tratamiento de datos personales, facilitando a las personas una informaci\u00f3n concisa, f\u00e1cilmente accesible, completa y con un lenguaje f\u00e1cil de entender y facilitando el ejercicio de derechos por medio de formularios.<\/p>\n\n\n\n<p><strong><u>Responsable del tratamiento<\/u><\/strong><strong>: L\u2019Associaci\u00f3 Professional d\u2019Il\u00b7lustradors de Catalunya<\/strong><\/p>\n\n\n\n<ul class=\"wp-block-list\"><li><strong>NIF: G58205857<\/strong><\/li><li><strong>Direcci\u00f3n postal<\/strong>\u00a0Carrer Londres 96 pral. 2a, 08036 Barcelona<\/li><li><strong>Tel\u00e9fono:<\/strong>\u00a093 416 14 74<\/li><li><strong>Correo electr\u00f3nico:<\/strong>\u00a0info@apic.cat<\/li><\/ul>\n\n\n\n<p><strong><u>Finalidad del tratamiento y legitimaci\u00f3n:<\/u><\/strong><\/p>\n\n\n\n<p>A trav\u00e9s de nuestro sitio web trataremos sus datos para las siguientes finalidades:<\/p>\n\n\n\n<ul class=\"wp-block-list\"><li>Para poder gestionar su inscripci\u00f3n como socio, legitimados para el establecimiento de la relaci\u00f3n contractual que se fundamenta en su inscripci\u00f3n como socio, Art\u00edculo 6.1.b RGPD.<\/li><li>Atender sus solicitudes de contacto legitimados por su consentimiento seg\u00fan se establece en el art\u00edculo 6.1.a RGPD y en nuestro inter\u00e9s leg\u00edtimo de comunicarnos con nuestros usuarios, Art\u00edculo 6.1.f RGPD<\/li><li>Publicar los comentarios que haga en cualquiera de nuestras entradas, legitimados por su consentimiento fundamentado en el art\u00edculo 6.1.a del Reglamento 679\/2016.<\/li><li>Poder publicar su oferta de trabajo, legitimados por su consentimiento fundamentado en el art\u00edculo 6.1.a del Reglamento 679\/2016.<\/li><\/ul>\n\n\n\n<p><strong><u>Conservaci\u00f3n<\/u><\/strong><\/p>\n\n\n\n<p>Sus datos ser\u00e1n conservados para poder llevar a cabo las finalidades para las que fueron recogidos y tratados, una vez que estas finalicen se destruir\u00e1n y guardaremos \u00fanicamente las estrictamente necesarias para poder resolver reclamaciones.<\/p>\n\n\n\n<p><strong><u>Destinatarios de sus datos<\/u><\/strong><\/p>\n\n\n\n<p>Sus datos no ser\u00e1n cedidos a terceros, salvo que sea estrictamente necesario para el desarrollo de alguna de nuestras actividades o por obligaci\u00f3n legal.<\/p>\n\n\n\n<p>En el caso de publicar una oferta de trabajo, sus datos personales ser\u00e1n comunicadas a nuestros socios.<\/p>\n\n\n\n<p><strong><u>Derechos de los interesados<\/u><\/strong><\/p>\n\n\n\n<p>Como usuario de la web www.apic.es, el interesado tiene derecho a acceder, rectificar o solicitar la supresi\u00f3n de sus datos, cuando considere que ya no son necesarias para la finalidad para la que fueron recogidos, ya so licitar la limitaci\u00f3n del tratamiento de estas, que en tal caso solo se conservar\u00e1n los estrictamente necesarios para llevar a cabo el ejercicio de posibles reclamaciones. Para poder ejercer estos derechos debe ponerse en contacto con La Asociaci\u00f3n Profesional de Ilustradores de Catalu\u00f1a dirigi\u00e9ndose a info@apic.es\u00a0<a href=\"https:\/\/www.apic.es\/\">www.apic.cat<\/a>, la persona interessada t\u00e9 dret a accedir, rectificar o sol\u00b7licitar la supressi\u00f3 de les seves dades, quan consideri que ja no s\u00f3n necess\u00e0ries per a la finalitat per la qual van ser recollides, i a sol\u00b7licitar la limitaci\u00f3 del tractament d\u2019aquestes, que en tal cas nom\u00e9s es conservaran les estrictament necess\u00e0ries per portar a terme l\u2019exercici de possibles reclamacions. Per poder exercir aquests drets s\u2019ha de posar en contacte amb\u00a0<strong>Associaci\u00f3 Professionals d\u2019Il\u00b7lustradors de Catalunya\u00a0<\/strong>dirigint-se a info@apic.cat<\/p>\n\n\n\n<p>Asimismo, en caso de no estar satisfecho con la atenci\u00f3n de su so licitud de derechos, tiene derecho a presentar una reclamaci\u00f3n ante www.aepd.es&nbsp;<a href=\"http:\/\/www.aepd.es\/\">www.aepd.es<\/a><\/p>","protected":false},"excerpt":{"rendered":"<p>El domini\u00a0www.apic.cat\u00a0\u00e9s propietat de\u00a0L\u2019Associaci\u00f3 Professional d\u2019Il\u00b7lustradors de Catalunya\u00a0i com a responsable del tractament garanteix un nivell adequat i coherent de protecci\u00f3 de les persones f\u00edsiques respecte a les seves dades personals d\u2019acord amb el que estableix en el Reglament Europeu de Protecci\u00f3 de dades (679\/2016) i la Llei Org\u00e0nica 3\/2018 de Protecci\u00f3 de Dades Personals [&hellip;]<\/p>","protected":false},"author":766,"featured_media":0,"parent":0,"menu_order":0,"comment_status":"closed","ping_status":"closed","template":"template-parts\/cookie-page-template.php","meta":{"_acf_changed":false,"footnotes":""},"class_list":["post-297","page","type-page","status-publish","hentry"],"acf":[],"_links":{"self":[{"href":"https:\/\/apic.cat\/cas\/wp-json\/wp\/v2\/pages\/297","targetHints":{"allow":["GET"]}}],"collection":[{"href":"https:\/\/apic.cat\/cas\/wp-json\/wp\/v2\/pages"}],"about":[{"href":"https:\/\/apic.cat\/cas\/wp-json\/wp\/v2\/types\/page"}],"author":[{"embeddable":true,"href":"https:\/\/apic.cat\/cas\/wp-json\/wp\/v2\/users\/766"}],"replies":[{"embeddable":true,"href":"https:\/\/apic.cat\/cas\/wp-json\/wp\/v2\/comments?post=297"}],"version-history":[{"count":3,"href":"https:\/\/apic.cat\/cas\/wp-json\/wp\/v2\/pages\/297\/revisions"}],"predecessor-version":[{"id":16904,"href":"https:\/\/apic.cat\/cas\/wp-json\/wp\/v2\/pages\/297\/revisions\/16904"}],"wp:attachment":[{"href":"https:\/\/apic.cat\/cas\/wp-json\/wp\/v2\/media?parent=297"}],"curies":[{"name":"wp","href":"https:\/\/api.w.org\/{rel}","templated":true}]}}