{"id":299,"date":"2021-04-26T08:07:59","date_gmt":"2021-04-26T08:07:59","guid":{"rendered":"http:\/\/localhost:88\/?page_id=299"},"modified":"2022-04-23T15:24:31","modified_gmt":"2022-04-23T15:24:31","slug":"cookies","status":"publish","type":"page","link":"https:\/\/apic.cat\/cas\/cookies\/","title":{"rendered":"Cookies"},"content":{"rendered":"<p>Les cookies o galetes s\u00f3n petits arxius de text que s\u2019instal\u00b7len als equips des dels qual s\u2019accedeix al nostre lloc web. Entre altres finalitats, les cookies registren les prefer\u00e8ncies i els h\u00e0bits de navegaci\u00f3 d\u2019un usuari. S\u2019associen a l\u2019usuari i al seu equip, per\u00f2 no proporcionen dades directament identificatives. Algunes cookies, per exemple les que permeten elaborar estad\u00edstiques o les publicit\u00e0ries, necessiten el consentiment de l\u2019usuari del nostre lloc. En canvi altres cookies, les de car\u00e0cter t\u00e8cnic o les necess\u00e0ries per oferir un servei sol\u00b7licitat per l\u2019usuari, s\u00f3n imprescindibles per al funcionament del lloc. Les cookies es poden classificar segons la seva vig\u00e8ncia, qui les gestiona o la seva finalitat<\/p>\n\n\n\n<p><strong>SEGONS LA VIG\u00c8NCIA<\/strong><\/p>\n\n\n\n<p><em>De sessi\u00f3<\/em><em>:<\/em>&nbsp;s\u00f3n temporals i queden a l\u2019arxiu de galetes del vostre navegador fins el moment que abandoneu el lloc web.<\/p>\n\n\n\n<p><em>Persistents<\/em><em>:<\/em>&nbsp;queden emmagatzemades i el lloc web els llegeix cada vegada que hi feu una visita.<\/p>\n\n\n\n<p><strong>SEGONS QUI LES GESTIONI<\/strong><\/p>\n\n\n\n<p><em>Pr\u00f2pies<\/em><em>:<\/em>&nbsp;s\u00f3n les pr\u00f2pies del titular del lloc web des del que es presten els serveis a l\u2019usuari.<\/p>\n\n\n\n<p><em>De tercers<\/em><em>:<\/em>&nbsp;s\u2019envien a l\u2019usuari per part d\u2019un tercer, diferent al titular del lloc.<\/p>\n\n\n\n<p><strong>SEGONS LA FINALITAT<\/strong><\/p>\n\n\n\n<p><em>Necess\u00e0ries<\/em><em>:<\/em>&nbsp;les imprescindibles per facilitar la vostra connexi\u00f3. No hi ha opci\u00f3 d\u2019inhabilitar-les, at\u00e8s que s\u00f3n les necess\u00e0ries pel funcionament del lloc web.<\/p>\n\n\n\n<p><em>T\u00e8cniques<\/em><em>:&nbsp;<\/em>les que permeten controlar el tr\u00e0fic i comunicaci\u00f3 de dades, identificar la sessi\u00f3 i accedir a p\u00e0gines d\u2019acc\u00e9s restringit, entre d\u2019altres.<\/p>\n\n\n\n<p><em>De prefer\u00e8ncies<\/em><em>:<\/em>&nbsp;permeten recordar les vostres opcions (per exemple llengua o regi\u00f3 des de la qual accediu), per tal de proporcionar-vos serveis avan\u00e7ats.<\/p>\n\n\n\n<p><em>Anal\u00edtiques<\/em><em>:<\/em>&nbsp;proporcionen informaci\u00f3 estad\u00edstica i permeten millorar els serveis. Utilitzem cookies de Google Analytics que podeu desactivar instal\u00b7lant-vos&nbsp;<a href=\"https:\/\/tools.google.com\/dlpage\/gaoptout?hl=es\">aquest plugin<\/a>.<\/p>\n\n\n\n<p><em>De publicitat<\/em><em>:<\/em>&nbsp;per a oferir continguts publicitaris relacionats amb els interessos de l\u2019usuari, b\u00e9 directament, b\u00e9 per mitj\u00e0 de tercers (\u201cadservers\u201d).<\/p>\n\n\n\n<p><em>De geolocalitzaci\u00f3<\/em><em>:&nbsp;<\/em>per a con\u00e8ixer la localitzaci\u00f3 geogr\u00e0fica de l\u2019usuari.<\/p>\n\n\n\n<p>Enumerem les cookies que utilitza el nostre lloc web, donant opci\u00f3 (darrera columna) a que cada usuari n\u2019autoritzi la desc\u00e0rrega.<\/p>\n\n\n\n<figure class=\"wp-block-table\"><table><tbody><tr><td><strong>FINALITAT<\/strong><\/td><td><strong>Prove\u00efdor<\/strong><\/td><td><strong>NOM de la cookie<\/strong><\/td><td><strong>Gesti\u00f3<\/strong><\/td><td><strong>VIG\u00c8NCIA<\/strong><\/td><td><strong>FUNCI\u00d3<\/strong><\/td><td><strong>ACTIVAR<\/strong><\/td><\/tr><tr><td>T\u00e8cniques<\/td><td>APIC<\/td><td>lscache_vary<\/td><td>Pr\u00f2pia<\/td><td>Sessi\u00f3<\/td><td>Facilitar la navegaci\u00f3<\/td><td>S\u00ed<\/td><\/tr><tr><td>T\u00e8cniques<\/td><td>APIC<\/td><td>cookie_notice<\/td><td>Pr\u00f2pia<\/td><td>Sessi\u00f3<\/td><td>Recordar acceptaci\u00f3 cookies<\/td><td>S\u00ed<\/td><\/tr><tr><td>Anal\u00edtiques<\/td><td>GOOGLE<\/td><td>_ga _utma _utmb<\/td><td>3ers<\/td><td>2 anys<\/td><td>Realitzar estad\u00edstiques<\/td><td>S\u00ed<\/td><\/tr><tr><td>T\u00e8cniques<\/td><td>APIC<\/td><td>wp_sec_xxx<\/td><td>Pr\u00f2pia<\/td><td>Sessi\u00f3<\/td><td>Seguretat<\/td><td>S\u00ed<\/td><\/tr><tr><td>T\u00e8cniques<\/td><td>APIC<\/td><td>PHPSESSID, wp_logged_in_xxx<\/td><td>Pr\u00f2pia<\/td><td>Sessi\u00f3<\/td><td>Mantenir sessi\u00f3 usuari<\/td><td>S\u00ed<\/td><\/tr><\/tbody><\/table><\/figure>\n\n\n\n<p>Vost\u00e8 pot revocar el consentiment sobre la utilitzaci\u00f3 de cookies eliminant-les per mitj\u00e0 de les opcions que li ofereix el seu navegador. Tamb\u00e9 pot configurar el seu navegador per tal que l\u2019informi pr\u00e8viament de la possible instal\u00b7laci\u00f3 de cookies. En els enlla\u00e7os seg\u00fcents trobar\u00e0 informaci\u00f3 sobre com fer-ho.<\/p>\n\n\n\n<p>\u2013 Per Firefox (<a href=\"http:\/\/support.mozilla.org\/ca\/kb\/Galetes\">enlla\u00e7<\/a>)<\/p>\n\n\n\n<p>\u2013 Per Chrome (<a href=\"http:\/\/support.google.com\/chrome\/bin\/answer.py?hl=es&amp;answer=95647\">enlla\u00e7<\/a>)<\/p>\n\n\n\n<p>\u2013 Per Explorer (<a href=\"https:\/\/support.microsoft.com\/es-es\/help\/278835\/how-to-delete-cookie-files-in-internet-explorer\">enlla\u00e7<\/a>)<\/p>\n\n\n\n<p>\u2013 Per Edge (<a href=\"https:\/\/support.microsoft.com\/es-es\/help\/4027947\/windows-delete-cookies\">enlla\u00e7<\/a>)<\/p>\n\n\n\n<p>\u2013 Per Safari per IOS (<a href=\"http:\/\/support.apple.com\/kb\/HT1677?viewlocale=es_ES&amp;locale=es_ES\">enlla\u00e7<\/a>)<\/p>\n\n\n\n<p>\u2013 Per Opera (<a href=\"https:\/\/help.opera.com\/en\/latest\/web-preferences\/#cookies\">enlla\u00e7<\/a>)<\/p>","protected":false},"excerpt":{"rendered":"<p>Les cookies o galetes s\u00f3n petits arxius de text que s\u2019instal\u00b7len als equips des dels qual s\u2019accedeix al nostre lloc web. Entre altres finalitats, les cookies registren les prefer\u00e8ncies i els h\u00e0bits de navegaci\u00f3 d\u2019un usuari. S\u2019associen a l\u2019usuari i al seu equip, per\u00f2 no proporcionen dades directament identificatives. Algunes cookies, per exemple les que [&hellip;]<\/p>","protected":false},"author":766,"featured_media":0,"parent":0,"menu_order":0,"comment_status":"closed","ping_status":"closed","template":"template-parts\/cookie-page-template.php","meta":{"_acf_changed":false,"footnotes":""},"class_list":["post-299","page","type-page","status-publish","hentry"],"acf":[],"_links":{"self":[{"href":"https:\/\/apic.cat\/cas\/wp-json\/wp\/v2\/pages\/299","targetHints":{"allow":["GET"]}}],"collection":[{"href":"https:\/\/apic.cat\/cas\/wp-json\/wp\/v2\/pages"}],"about":[{"href":"https:\/\/apic.cat\/cas\/wp-json\/wp\/v2\/types\/page"}],"author":[{"embeddable":true,"href":"https:\/\/apic.cat\/cas\/wp-json\/wp\/v2\/users\/766"}],"replies":[{"embeddable":true,"href":"https:\/\/apic.cat\/cas\/wp-json\/wp\/v2\/comments?post=299"}],"version-history":[{"count":3,"href":"https:\/\/apic.cat\/cas\/wp-json\/wp\/v2\/pages\/299\/revisions"}],"predecessor-version":[{"id":425,"href":"https:\/\/apic.cat\/cas\/wp-json\/wp\/v2\/pages\/299\/revisions\/425"}],"wp:attachment":[{"href":"https:\/\/apic.cat\/cas\/wp-json\/wp\/v2\/media?parent=299"}],"curies":[{"name":"wp","href":"https:\/\/api.w.org\/{rel}","templated":true}]}}