{"id":8273,"date":"2021-11-03T16:18:23","date_gmt":"2021-11-03T16:18:23","guid":{"rendered":"https:\/\/apic.cat\/?page_id=8273"},"modified":"2024-12-16T11:48:19","modified_gmt":"2024-12-16T11:48:19","slug":"associat","status":"publish","type":"page","link":"https:\/\/apic.cat\/cas\/associat\/","title":{"rendered":"As\u00f3ciate"},"content":{"rendered":"<figure class=\"wp-block-image size-full\"><img loading=\"lazy\" decoding=\"async\" width=\"1920\" height=\"763\" src=\"https:\/\/apic.cat\/wp-content\/uploads\/2022\/04\/3-3.jpg\" alt=\"\" class=\"wp-image-13668\" srcset=\"https:\/\/apic.cat\/wp-content\/uploads\/2022\/04\/3-3.jpg 1920w, https:\/\/apic.cat\/wp-content\/uploads\/2022\/04\/3-3-1280x509.jpg 1280w, https:\/\/apic.cat\/wp-content\/uploads\/2022\/04\/3-3-768x305.jpg 768w, https:\/\/apic.cat\/wp-content\/uploads\/2022\/04\/3-3-1536x610.jpg 1536w, https:\/\/apic.cat\/wp-content\/uploads\/2022\/04\/3-3-16x6.jpg 16w\" sizes=\"auto, (max-width: 1920px) 100vw, 1920px\" \/><\/figure>\n\n\n\n<p><\/p>\n\n\n\n<p>Ser de la APIC significa pertenecer a un colectivo profesional, serio y riguroso que legitima el sector de la ilustraci\u00f3n.<\/p>\n\n\n\n<p>Para hacer de la ilustraci\u00f3n un mundo habitable, es importante que contribuyas con la lucha y defensa de tus derechos y los del resto de compa\u00f1eros y compa\u00f1eras de la profesi\u00f3n. \u00a1Siente de la APIC activas el cambio!<\/p>\n\n\n\n<p>\u00bfQuieres estar en contacto con otros profesionales, participando y creando comunidad para crecer como profesional de la ilustraci\u00f3n y favorecer al colectivo?<\/p>\n\n\n\n<p>\u00bfNecesitas resolver todas tus dudas con expertos expertos fiscales, jur\u00eddicos, laborales y profesionales?<\/p>\n\n\n\n<p>\u00bfTe gustar\u00eda disponer de m\u00e1s herramientas y conocimientos para el \u00e9xito profesional?<\/p>\n\n\n\n<p><strong>Porqu\u00e9 es importante asociarse?<\/strong><br>Gracias al grupo de creadores y creadoras que forman parte de la comunidad APIC, se mantiene un s\u00f3lido engranaje que ayuda a realizar acciones y ofrecer servicios que facilitan vivir de la profesi\u00f3n y la dignifican. Adem\u00e1s, apoyar a una asociaci\u00f3n profesional, tambi\u00e9n significa defender los derechos de los ilustradores e ilustradoras y visibilizar su trabajo ante los diferentes.<\/p>\n\n\n\n<p><strong>La acci\u00f3n colectiva es fundamental para poder negociar con fuerza nuestras condiciones de trabajo.<\/strong><\/p>\n\n\n\n<p>Les diferents comissions creades a la junta de l\u2019APIC estan obertes a la participaci\u00f3 de tots els socis i s\u00f2cies. Uns espais de reflexi\u00f3 i generaci\u00f3 d\u2019idees que ajuden a millorar la professi\u00f3 en general, i a resoldre les teves inquietuds i problem\u00e0tiques en particular.<\/p>\n\n\n\n<p>En APIC formar\u00e1s parte de una comunidad de ilustradores e ilustradoras con la que compartir visiones, transferir conocimientos y construir el futuro de la profesi\u00f3n en colectividad.<\/p>\n\n\n\n<p><strong>Si eres del APIC, disfrutas de las siguientes ventajas:<\/strong><\/p>\n\n\n\n<ul class=\"has-normal-font-size wp-block-list\">\n<li>Asesoramiento jur\u00eddico y legal.<\/li>\n\n\n\n<li>Acompa\u00f1amiento en la generaci\u00f3n de negocio, internacionalizaci\u00f3n y transformaci\u00f3n digital.<\/li>\n\n\n\n<li><a href=\"https:\/\/apic.cat\/cas\/portafolis\/\" target=\"_blank\" rel=\"noreferrer noopener\">Portafolios<\/a> en la web de la APIC<\/li>\n\n\n\n<li>Promoci\u00f3n de tu <a href=\"https:\/\/apic.cat\/cas\/botiga\/\" target=\"_blank\" rel=\"noreferrer noopener\">tienda en l\u00ednea<\/a><\/li>\n\n\n\n<li>Presencia en ferias internacionales en las que participe la APIC.<\/li>\n\n\n\n<li>Formaci\u00f3n especializada con tarifa reducida para socios.<\/li>\n\n\n\n<li>Asistencia a los encuentros virtuales entre profesionales \"El Caf\u00e9 del APIC\".<\/li>\n<\/ul>\n\n\n\n<p><strong>\u00bfCu\u00e1les son las cuotas y qu\u00e9 incluyen?<\/strong><\/p>\n\n\n<div class=\"lazyblock-associat-block-Z1lnloa wp-block-lazyblock-associat-block\">  \n<div class=\"apic-associat-block\">\n        <div id=\"apic-associat-block-item-0\" class=\"apic-associat-block-item\">\n        <h4 class=\"apic-associat-block-item-title\">Profesional<\/h4>\n        <div class=\"apic-associat-block-item-price\"><h4>49.50 \u20ac<\/h4>\n            <span> trimestre<\/span>\n        <\/div>\n            <\/div>\n        <div id=\"apic-associat-block-item-1\" class=\"apic-associat-block-item\">\n        <h4 class=\"apic-associat-block-item-title\">Estudiante<\/h4>\n        <div class=\"apic-associat-block-item-price\"><h4>24.75 \u20ac<\/h4>\n            <span> trimestre<\/span>\n        <\/div>\n                <div class=\"apic-associat-block-item-description\" aria-expanded=\"false\">\n        Aplicada fins a quatre anys m\u00e0xim (curs m\u00ednim 60 h). Cal acompanyar l\u2019alta amb el justificant dels darrers estudis del camp de la il\u00b7lustraci\u00f3 o les belles arts i el disseny per tal d\u2019acollir-se a aquest tipus de quota.<br>Els estudiants poden integrar-se a l\u2019APIC presentant el resguard de matr\u00edcula. Tindran un descompte de la meitat de la quota fins un any despr\u00e9s d\u2019haver acabat els estudis. Els jubilats tamb\u00e9 gaudeixen d\u2019un descompte del 50% de la seva quota.        <\/div>\n        <div class=\"plus\" onclick=\"open_associat_block(1)\"><i class=\"icon-CREU_02\"><\/i><\/div>\n            <\/div>\n        <div id=\"apic-associat-block-item-2\" class=\"apic-associat-block-item\">\n        <h4 class=\"apic-associat-block-item-title\">APIC Premium<\/h4>\n        <div class=\"apic-associat-block-item-price\"><h4>60 \u20ac<\/h4>\n            <span> trimestre<\/span>\n        <\/div>\n                <div class=\"apic-associat-block-item-description\" aria-expanded=\"false\">\n        Servicios extras:<br>\u00b7 Posibilidad de tener un segundo perfil en la web de APIC<br>\u00b7 Acceso a disponer de la sala de reuniones una vez al mes (si no est\u00e1 ocupada)<br>\u00b7 Descompte del 15% per tres cursos de formaci\u00f3 de l\u2019APIC        <\/div>\n        <div class=\"plus\" onclick=\"open_associat_block(2)\"><i class=\"icon-CREU_02\"><\/i><\/div>\n            <\/div>\n    <\/div><\/div>\n\n\n<p><strong>\u00danete a la comunidad APIC<\/strong><br>Empieza a disfrutar hoy mismo de las ventajas de asociarse rellenando el siguiente formulario de alta. \u00a1Nos har\u00e1 mucha ilusi\u00f3n darte la bienvenida!<\/p>\n\n\n\n<div id=\"associat-form\"><div class=\"wp-block-contact-form-7-contact-form-selector\">\n<div class=\"wpcf7 no-js\" id=\"wpcf7-f5134-o1\" lang=\"en-US\" dir=\"ltr\" data-wpcf7-id=\"5134\">\n<div class=\"screen-reader-response\"><p role=\"status\" aria-live=\"polite\" aria-atomic=\"true\"><\/p> <ul><\/ul><\/div>\n<form action=\"\/cas\/wp-json\/wp\/v2\/pages\/8273#wpcf7-f5134-o1\" method=\"post\" class=\"wpcf7-form init\" aria-label=\"Formulario de contacto\" novalidate=\"novalidate\" data-status=\"init\" data-trp-original-action=\"\/cas\/wp-json\/wp\/v2\/pages\/8273#wpcf7-f5134-o1\">\n<fieldset class=\"hidden-fields-container\"><input type=\"hidden\" name=\"_wpcf7\" value=\"5134\" \/><input type=\"hidden\" name=\"_wpcf7_version\" value=\"6.1.5\" \/><input type=\"hidden\" name=\"_wpcf7_locale\" value=\"en_US\" \/><input type=\"hidden\" name=\"_wpcf7_unit_tag\" value=\"wpcf7-f5134-o1\" \/><input type=\"hidden\" name=\"_wpcf7_container_post\" value=\"0\" \/><input type=\"hidden\" name=\"_wpcf7_posted_data_hash\" value=\"\" \/><input type=\"hidden\" name=\"_wpcf7cf_hidden_group_fields\" value=\"[]\" \/><input type=\"hidden\" name=\"_wpcf7cf_hidden_groups\" value=\"[]\" \/><input type=\"hidden\" name=\"_wpcf7cf_visible_groups\" value=\"[]\" \/><input type=\"hidden\" name=\"_wpcf7cf_repeaters\" value=\"[]\" \/><input type=\"hidden\" name=\"_wpcf7cf_steps\" value=\"{}\" \/><input type=\"hidden\" name=\"_wpcf7cf_options\" value=\"{&quot;form_id&quot;:5134,&quot;conditions&quot;:[],&quot;settings&quot;:{&quot;animation&quot;:&quot;yes&quot;,&quot;animation_intime&quot;:200,&quot;animation_outtime&quot;:200,&quot;conditions_ui&quot;:&quot;normal&quot;,&quot;notice_dismissed&quot;:false,&quot;notice_dismissed_rollback-cf7-5.8.6&quot;:true,&quot;notice_dismissed_rollback-cf7-5.9.7&quot;:true}}\" \/>\n<\/fieldset>\n<h3>Formulario de inscripci\u00f3n\n<\/h3>\n<p><label><br \/>\n<span class=\"wpcf7-form-control-wrap\" data-name=\"your-name\"><input size=\"40\" maxlength=\"400\" class=\"wpcf7-form-control wpcf7-text wpcf7-validates-as-required\" aria-required=\"true\" aria-invalid=\"false\" placeholder=\"Nombre y apellidos\" value=\"\" type=\"text\" name=\"your-name\" \/><\/span><br \/>\n<\/label><br \/>\n<label><br \/>\n<span class=\"wpcf7-form-control-wrap\" data-name=\"your-email\"><input size=\"40\" maxlength=\"400\" class=\"wpcf7-form-control wpcf7-email wpcf7-validates-as-required wpcf7-text wpcf7-validates-as-email\" aria-required=\"true\" aria-invalid=\"false\" placeholder=\"Email\" value=\"\" type=\"email\" name=\"your-email\" \/><\/span><br \/>\n<\/label><br \/>\n<label><br \/>\n<span class=\"wpcf7-form-control-wrap\" data-name=\"tel-440\"><input size=\"40\" maxlength=\"400\" class=\"wpcf7-form-control wpcf7-tel wpcf7-validates-as-required wpcf7-text wpcf7-validates-as-tel\" aria-required=\"true\" aria-invalid=\"false\" placeholder=\"Tel\u00e9fono\" value=\"\" type=\"tel\" name=\"tel-440\" \/><\/span><br \/>\n<\/label><br \/>\n<label><br \/>\n<span class=\"wpcf7-form-control-wrap\" data-name=\"text-457\"><input size=\"40\" maxlength=\"400\" class=\"wpcf7-form-control wpcf7-text\" aria-invalid=\"false\" placeholder=\"Direcci\u00f3n\" value=\"\" type=\"text\" name=\"text-457\" \/><\/span><br \/>\n<\/label><br \/>\n<label><br \/>\n<span class=\"wpcf7-form-control-wrap\" data-name=\"text-439\"><input size=\"40\" maxlength=\"400\" class=\"wpcf7-form-control wpcf7-text\" aria-invalid=\"false\" placeholder=\"Poblaci\u00f3n\" value=\"\" type=\"text\" name=\"text-439\" \/><\/span><br \/>\n<\/label><br \/>\n<label><br \/>\n<span class=\"wpcf7-form-control-wrap\" data-name=\"text-177\"><input size=\"40\" maxlength=\"400\" class=\"wpcf7-form-control wpcf7-text\" aria-invalid=\"false\" placeholder=\"C\u00f3digo postal\" value=\"\" type=\"text\" name=\"text-177\" \/><\/span><br \/>\n<\/label><br \/>\n<label><br \/>\n<span class=\"wpcf7-form-control-wrap\" data-name=\"text-457\"><input size=\"40\" maxlength=\"400\" class=\"wpcf7-form-control wpcf7-text\" aria-invalid=\"false\" placeholder=\"Web\" value=\"\" type=\"text\" name=\"text-457\" \/><\/span><br \/>\n<\/label><br \/>\nQuota<br \/>\n<span class=\"wpcf7-form-control-wrap\" data-name=\"radio-465\"><span class=\"wpcf7-form-control wpcf7-radio\"><span class=\"wpcf7-list-item first\"><label><input type=\"radio\" name=\"radio-465\" value=\"Estudiant\" checked=\"checked\" \/><span class=\"wpcf7-list-item-label\">Estudiante<\/span><\/label><\/span><span class=\"wpcf7-list-item\"><label><input type=\"radio\" name=\"radio-465\" value=\"Professional\" \/><span class=\"wpcf7-list-item-label\">Profesional<\/span><\/label><\/span><span class=\"wpcf7-list-item last\"><label><input type=\"radio\" name=\"radio-465\" value=\"Premium\" \/><span class=\"wpcf7-list-item-label\">Premium<\/span><\/label><\/span><\/span><\/span>\n<\/p>\n<p><label><br \/>\n<span class=\"wpcf7-form-control-wrap\" data-name=\"your-message\"><textarea cols=\"40\" rows=\"10\" maxlength=\"2000\" class=\"wpcf7-form-control wpcf7-textarea\" aria-invalid=\"false\" placeholder=\"Mensaje\" name=\"your-message\"><\/textarea><\/span><br \/>\n<\/label>\n<\/p>\n<div class=\"submit\">\n\t<p><span class=\"wpcf7-form-control-wrap\" data-name=\"checkbox-accept\"><span class=\"wpcf7-form-control wpcf7-checkbox wpcf7-validates-as-required\"><span class=\"wpcf7-list-item first last\"><label><input type=\"checkbox\" name=\"checkbox-accept[]\" value=\"Acceptaci\u00f3 de la Llei de Protecci\u00f3 de dades.\" \/><span class=\"wpcf7-list-item-label\">Aceptaci\u00f3n de la Ley de Protecci\u00f3n de Datos.<\/span><\/label><\/span><\/span><\/span>\n\t<\/p>\n\t<p><input class=\"wpcf7-form-control wpcf7-submit has-spinner\" type=\"submit\" value=\"Contactar\" \/>\n\t<\/p>\n<\/div><div class=\"wpcf7-response-output\" aria-hidden=\"true\"><\/div>\n<input type=\"hidden\" name=\"trp-form-language\" value=\"cas\"\/><\/form>\n<\/div>\n<\/div><\/div>\n\n\n\n<p><\/p>\n\n\n\n<p>Informaci\u00f3n b\u00e1sica sobre protecci\u00f3n de datos<\/p>\n\n\n\n<figure class=\"wp-block-table\"><table><tbody><tr><td>Responsable<\/td><td>Asociaci\u00f3 Professional d'Il\u00b7lustradors de Catalunya<\/td><\/tr><tr><td>Finalidad<\/td><td>Trataremos sus datos para atender sus dudas, consultas y sugerencias<\/td><\/tr><tr><td>Derechos de los titulares<\/td><td>De acceso, rectificaci\u00f3n, supresi\u00f3n, limitaci\u00f3n del tratamiento, y<br>de oposici\u00f3n al tratamiento, dirigi\u00e9ndose al registro de entrada en&nbsp;<a href=\"mailto:info@apic.es\">info@apic.cat<\/a><\/td><\/tr><\/tbody><\/table><\/figure>\n\n\n\n<p>Para saber m\u00e1s sobre nuestra pol\u00edtica de privacidad&nbsp;<a href=\"https:\/\/apic.cat\/cas\/politica-de-privacitat\/\">haz clic aqu\u00ed.<\/a><\/p>","protected":false},"excerpt":{"rendered":"<p>Ser de l\u2019APIC significa pert\u00e0nyer a un col\u00b7lectiu professional, seri\u00f3s i rigor\u00f3s que legitima el sector de la il\u00b7lustraci\u00f3. Per fer de la il\u00b7lustraci\u00f3 un m\u00f3n habitable, \u00e9s important que contribueixis amb la lluita i la defensa dels teus drets i els de la resta de companys i companyes de la professi\u00f3. Sent de l\u2019APIC [&hellip;]<\/p>","protected":false},"author":766,"featured_media":0,"parent":0,"menu_order":0,"comment_status":"closed","ping_status":"closed","template":"template-parts\/associat-page-template.php","meta":{"_acf_changed":false,"footnotes":""},"class_list":["post-8273","page","type-page","status-publish","hentry"],"acf":[],"_links":{"self":[{"href":"https:\/\/apic.cat\/cas\/wp-json\/wp\/v2\/pages\/8273","targetHints":{"allow":["GET"]}}],"collection":[{"href":"https:\/\/apic.cat\/cas\/wp-json\/wp\/v2\/pages"}],"about":[{"href":"https:\/\/apic.cat\/cas\/wp-json\/wp\/v2\/types\/page"}],"author":[{"embeddable":true,"href":"https:\/\/apic.cat\/cas\/wp-json\/wp\/v2\/users\/766"}],"replies":[{"embeddable":true,"href":"https:\/\/apic.cat\/cas\/wp-json\/wp\/v2\/comments?post=8273"}],"version-history":[{"count":70,"href":"https:\/\/apic.cat\/cas\/wp-json\/wp\/v2\/pages\/8273\/revisions"}],"predecessor-version":[{"id":48484,"href":"https:\/\/apic.cat\/cas\/wp-json\/wp\/v2\/pages\/8273\/revisions\/48484"}],"wp:attachment":[{"href":"https:\/\/apic.cat\/cas\/wp-json\/wp\/v2\/media?parent=8273"}],"curies":[{"name":"wp","href":"https:\/\/api.w.org\/{rel}","templated":true}]}}