{"id":9878,"date":"2022-02-22T11:27:51","date_gmt":"2022-02-22T11:27:51","guid":{"rendered":"https:\/\/apic.cat\/?page_id=9878"},"modified":"2025-09-17T14:47:11","modified_gmt":"2025-09-17T14:47:11","slug":"documents","status":"publish","type":"page","link":"https:\/\/apic.cat\/cas\/documents\/","title":{"rendered":"Documentos"},"content":{"rendered":"<h4 class=\"wp-block-heading\" id=\"monografics\">Monogr\u00e1ficos<\/h4>\n\n\n\n<ul class=\"wp-block-list\">\n<li><a href=\"https:\/\/www.dropbox.com\/s\/6vv43ie0msmbw8n\/Monogr%C3%A0fic%20-%20La%20il.lustraci%C3%B3%20en%20el%20sector%20editorial%20del%20llibre.pdf?dl=0\" target=\"_blank\" rel=\"noreferrer noopener\">La il\u00b7lustraci\u00f3 en el sector editorial del llibre<\/a>  <\/li>\n\n\n\n<li><a href=\"https:\/\/apic.cat\/wp-content\/uploads\/2022\/03\/Monografic-La-illustracio-en-la-premsa.pdf\" target=\"_blank\" rel=\"noreferrer noopener\">La il\u00b7lustraci\u00f3 en la premsa<\/a><\/li>\n<\/ul>\n\n\n\n<h4 class=\"wp-block-heading\" id=\"contractes\">Contratos<\/h4>\n\n\n\n<ul class=\"wp-block-list\">\n<li><a href=\"https:\/\/apic.cat\/wp-admin\/admin.php?page=portal-de-recursos-apic\" target=\"_blank\" rel=\"noreferrer noopener\">Contracte d&#8217;ag\u00e8ncia (\u00c0rea privada socis\/es)<\/a> <\/li>\n\n\n\n<li><a href=\"https:\/\/apic.cat\/wp-admin\/admin.php?page=portal-de-recursos-apic\" target=\"_blank\" rel=\"noreferrer noopener\">Contracte d&#8217;obra digital (\u00c0rea privada socis\/es)<\/a><\/li>\n\n\n\n<li><a href=\"https:\/\/apic.cat\/wp-admin\/admin.php?page=portal-de-recursos-apic\" target=\"_blank\" rel=\"noreferrer noopener\">Contracte de cessi\u00f3 de drets per explotaci\u00f3 digital (\u00c0rea privada socis\/es)<\/a><\/li>\n\n\n\n<li><a href=\"https:\/\/apic.cat\/wp-admin\/admin.php?page=portal-de-recursos-apic\" target=\"_blank\" rel=\"noreferrer noopener\">Contracte de creaci\u00f3 de personatge o mascota (\u00c0rea privada socis\/es)<\/a><\/li>\n\n\n\n<li><a href=\"https:\/\/apic.cat\/wp-admin\/admin.php?page=aaaa\" target=\"_blank\" rel=\"noreferrer noopener\">Contracte de creaci\u00f3 publicit\u00e0ria (\u00c0rea privada <\/a><a href=\"https:\/\/apic.cat\/wp-admin\/admin.php?page=portal-de-recursos-apic\" target=\"_blank\" rel=\"noreferrer noopener\">socis<\/a><a href=\"https:\/\/apic.cat\/wp-admin\/admin.php?page=aaaa\" target=\"_blank\" rel=\"noreferrer noopener\">\/es)<\/a><\/li>\n\n\n\n<li><a href=\"https:\/\/apic.cat\/wp-admin\/admin.php?page=portal-de-recursos-apic\" target=\"_blank\" rel=\"noreferrer noopener\">Contracte de difusi\u00f3 per Internet (\u00c0rea privada socis\/es)<\/a><\/li>\n\n\n\n<li><a href=\"https:\/\/apic.cat\/wp-admin\/admin.php?page=portal-de-recursos-apic\" target=\"_blank\" rel=\"noreferrer noopener\">Contracte de marxandatge (\u00c0rea privada socis\/es)<\/a><\/li>\n\n\n\n<li><a href=\"https:\/\/apic.cat\/wp-admin\/admin.php?page=portal-de-recursos-apic\" target=\"_blank\" rel=\"noreferrer noopener\">Contracte de premsa (\u00c0rea privada socis\/es)<\/a><\/li>\n\n\n\n<li><a href=\"https:\/\/apic.cat\/wp-admin\/admin.php?page=portal-de-recursos-apic\" target=\"_blank\" rel=\"noreferrer noopener\">Contracte de venda d&#8217;obra (\u00c0rea privada socis\/es)<\/a><\/li>\n\n\n\n<li><a href=\"https:\/\/apic.cat\/wp-admin\/admin.php?page=portal-de-recursos-apic\" target=\"_blank\" rel=\"noreferrer noopener\">Contracte multidisciplinari (\u00c0rea privada socis\/es)<\/a><\/li>\n\n\n\n<li><a href=\"https:\/\/apic.cat\/wp-admin\/admin.php?page=portal-de-recursos-apic\" target=\"_blank\" rel=\"noreferrer noopener\">Contracte d&#8217;animaci\u00f3 (\u00c0rea privada socis\/es)<\/a><\/li>\n\n\n\n<li><a href=\"https:\/\/apic.cat\/wp-admin\/admin.php?page=portal-de-recursos-apic\" target=\"_blank\" rel=\"noreferrer noopener\">Contracte dipo\u0300sit d&#8217;obra (\u00c0rea privada socis\/es)<\/a><\/li>\n\n\n\n<li><a href=\"https:\/\/apic.cat\/wp-admin\/admin.php?page=portal-de-recursos-apic\" target=\"_blank\" rel=\"noreferrer noopener\">Contracte dipo\u0300sit d&#8217;obra o producte per a la seva venda en botigues (\u00c0rea privada socis\/es)<\/a><\/li>\n<\/ul>\n\n\n\n<h4 class=\"wp-block-heading\" id=\"contractes-de-llibre\">Contratos de libro<\/h4>\n\n\n\n<ul class=\"wp-block-list\">\n<li><a href=\"https:\/\/apic.cat\/wp-admin\/admin.php?page=portal-de-recursos-apic\" target=\"_blank\" rel=\"noreferrer noopener\">Contracte d&#8217;edici\u00f3 simplificat (\u00c0rea privada socis\/es)<\/a><\/li>\n\n\n\n<li><a href=\"https:\/\/apic.cat\/wp-admin\/admin.php?page=portal-de-recursos-apic\" target=\"_blank\" rel=\"noreferrer noopener\">Contracte de coberta de llibre (\u00c0rea privada socis\/es)<\/a><\/li>\n\n\n\n<li><a href=\"https:\/\/apic.cat\/wp-content\/uploads\/2021\/12\/Contracte-marc.-Contracte-dedicio\u0301-de-creacions-visuals-en-forma-de-llibre.docx\">Contracte marc. Contracte d&#8217;edici\u00f3 de creacions visuals en forma de llibre<\/a><\/li>\n\n\n\n<li><a href=\"https:\/\/apic.cat\/wp-content\/uploads\/2021\/12\/Contracte-marc.-Contracte-denca\u0300rrec-de-creacions-visuals.docx\">Contracte marc. Contracte d&#8217;enc\u00e0rrec de creacions visuals<\/a><\/li>\n<\/ul>\n\n\n\n<h4 class=\"wp-block-heading\" id=\"model-d-encarrec-d-obra\">Models d&#8217;enc\u00e0rrec d&#8217;obra<\/h4>\n\n\n\n<ul class=\"wp-block-list\">\n<li><a href=\"https:\/\/apic.cat\/wp-admin\/admin.php?page=aaaa\" target=\"_blank\" rel=\"noreferrer noopener\">Model d&#8217;enc\u00e0rrec de creacions visuals (\u00c0rea privada socis\/es)<\/a> <\/li>\n<\/ul>\n\n\n\n<h4 class=\"wp-block-heading\" id=\"model-d-encarrec-d-obra\">Modelos de presupuesto<\/h4>\n\n\n\n<ul class=\"wp-block-list\">\n<li><a href=\"https:\/\/apic.cat\/wp-admin\/admin.php?page=portal-de-recursos-apic\" target=\"_blank\" rel=\"noreferrer noopener\">Model de pressupost (archivos) (\u00c0rea privada socis\/es)<\/a><\/li>\n<\/ul>\n\n\n\n<h4 class=\"wp-block-heading\" id=\"model-d-encarrec-d-obra\">Modelos de reclamaci\u00f3n<\/h4>\n\n\n\n<ul class=\"wp-block-list\">\n<li><a href=\"https:\/\/apic.cat\/wp-admin\/admin.php?page=portal-de-recursos-apic\" target=\"_blank\" rel=\"noreferrer noopener\">Carta model no cobrament (\u00c0rea privada socis\/es)<\/a><\/li>\n\n\n\n<li><a href=\"https:\/\/apic.cat\/wp-admin\/admin.php?page=portal-de-recursos-apic\" target=\"_blank\" rel=\"noreferrer noopener\">Carta model no edici\u00f3 d&#8217;obra (\u00c0rea privada socis\/es)<\/a><\/li>\n\n\n\n<li><a href=\"https:\/\/apic.cat\/wp-admin\/admin.php?page=portal-de-recursos-apic\" target=\"_blank\" rel=\"noreferrer noopener\">Carta model de pagament de proves (\u00c0rea privada socis\/es)<\/a><\/li>\n\n\n\n<li><a href=\"https:\/\/apic.cat\/wp-admin\/admin.php?page=portal-de-recursos-apic\" target=\"_blank\" rel=\"noreferrer noopener\">Carta model de reclamaci\u00f3 de deute catal\u00e0 (\u00c0rea privada socis\/es)<\/a><\/li>\n\n\n\n<li><a href=\"https:\/\/apic.cat\/wp-admin\/admin.php?page=portal-de-recursos-apic\" target=\"_blank\" rel=\"noreferrer noopener\">Carta model de reproducci\u00f3 no consentida (\u00c0rea privada socis\/es)<\/a><\/li>\n\n\n\n<li><a href=\"https:\/\/apic.cat\/wp-admin\/admin.php?page=portal-de-recursos-apic\" target=\"_blank\" rel=\"noreferrer noopener\">Carta model de retorn d&#8217;originals (\u00c0rea privada socis\/es)<\/a><\/li>\n\n\n\n<li><a href=\"https:\/\/apic.cat\/wp-admin\/admin.php?page=portal-de-recursos-apic\" target=\"_blank\" rel=\"noreferrer noopener\">Carta modelo de reclamaci\u00f3n de deuda (\u00c0rea privada socis\/es)<\/a><\/li>\n\n\n\n<li><a href=\"https:\/\/apic.cat\/wp-admin\/admin.php?page=portal-de-recursos-apic\" target=\"_blank\" rel=\"noreferrer noopener\">Modelo demanda monitorio (\u00c0rea privada socis\/es)<\/a><\/li>\n<\/ul>\n\n\n\n<h4 class=\"wp-block-heading\" id=\"model-d-encarrec-d-obra\">Albaranes<\/h4>\n\n\n\n<ul class=\"wp-block-list\">\n<li><a href=\"https:\/\/apic.cat\/wp-admin\/admin.php?page=portal-de-recursos-apic\" target=\"_blank\" rel=\"noreferrer noopener\">Albar\u00e0 dip\u00f2sit venda d&#8217;obra (\u00c0rea privada socis\/es)<\/a><\/li>\n<\/ul>","protected":false},"excerpt":{"rendered":"<p>Monogr\u00e0fics Contractes Contractes de llibre Models d&#8217;enc\u00e0rrec d&#8217;obra Models de pressupost Models de reclamaci\u00f3 Albarans<\/p>","protected":false},"author":766,"featured_media":0,"parent":0,"menu_order":0,"comment_status":"closed","ping_status":"closed","template":"","meta":{"_acf_changed":false,"footnotes":""},"class_list":["post-9878","page","type-page","status-publish","hentry"],"acf":[],"_links":{"self":[{"href":"https:\/\/apic.cat\/cas\/wp-json\/wp\/v2\/pages\/9878","targetHints":{"allow":["GET"]}}],"collection":[{"href":"https:\/\/apic.cat\/cas\/wp-json\/wp\/v2\/pages"}],"about":[{"href":"https:\/\/apic.cat\/cas\/wp-json\/wp\/v2\/types\/page"}],"author":[{"embeddable":true,"href":"https:\/\/apic.cat\/cas\/wp-json\/wp\/v2\/users\/766"}],"replies":[{"embeddable":true,"href":"https:\/\/apic.cat\/cas\/wp-json\/wp\/v2\/comments?post=9878"}],"version-history":[{"count":31,"href":"https:\/\/apic.cat\/cas\/wp-json\/wp\/v2\/pages\/9878\/revisions"}],"predecessor-version":[{"id":64267,"href":"https:\/\/apic.cat\/cas\/wp-json\/wp\/v2\/pages\/9878\/revisions\/64267"}],"wp:attachment":[{"href":"https:\/\/apic.cat\/cas\/wp-json\/wp\/v2\/media?parent=9878"}],"curies":[{"name":"wp","href":"https:\/\/api.w.org\/{rel}","templated":true}]}}