{"id":9880,"date":"2022-02-22T11:28:15","date_gmt":"2022-02-22T11:28:15","guid":{"rendered":"https:\/\/apic.cat\/?page_id=9880"},"modified":"2026-02-25T16:05:09","modified_gmt":"2026-02-25T16:05:09","slug":"audiovisuals","status":"publish","type":"page","link":"https:\/\/apic.cat\/cas\/audiovisuals\/","title":{"rendered":"Audiovisuales"},"content":{"rendered":"<p><\/p>\n\n\n\n<ul class=\"wp-block-list\">\n<li><a href=\"https:\/\/www.youtube.com\/watch?v=4olPJ4FoZMY&amp;t=4s\" target=\"_blank\" rel=\"noreferrer noopener\">Descobreix com utilitzar Discord Participa en comunitat virtuals<\/a><\/li>\n\n\n\n<li><a href=\"https:\/\/youtu.be\/NNTP2yE-IGw\" target=\"_blank\" rel=\"noreferrer noopener\">De la idea al m\u00f3n visual. Explorant el Concept Art<\/a><\/li>\n\n\n\n<li><a href=\"https:\/\/apic.cat\/wp-login.php\" target=\"_blank\" rel=\"noreferrer noopener\">Donar forma a les lletres: retolaci\u00f3 manual i tipografia<\/a> (Area privada socis\/es)<\/li>\n\n\n\n<li><a href=\"https:\/\/apic.cat\/wp-login.php\" target=\"_blank\" rel=\"noreferrer noopener\">Drets en joc: qu\u00e8 cal saber sobre la contractaci\u00f3 editorial actual?<\/a> (Area privada socis\/es)<\/li>\n\n\n\n<li><a href=\"https:\/\/youtu.be\/euCi29E54kY\" target=\"_blank\" rel=\"noreferrer noopener\">Il\u00b7lustrar i escriure: creant des de m\u00faltiples disciplines<\/a><\/li>\n\n\n\n<li><a href=\"https:\/\/apic.cat\/wp-admin\/admin.php?page=portal-de-recursos-apic\" target=\"_blank\" rel=\"noreferrer noopener\">Com preparar un portafolis d&#8217;il\u00b7lustraci\u00f3 gr\u00e0fico-t\u00e8xtil<\/a> (Area privada socis\/es)<\/li>\n\n\n\n<li><a href=\"https:\/\/youtu.be\/yWINUwk_OHs\" target=\"_blank\" rel=\"noreferrer noopener\">Reflexions sobre Intel\u00b7lig\u00e8ncia Artificial<\/a><\/li>\n\n\n\n<li><a href=\"https:\/\/youtu.be\/j_52BkuYaG0\" target=\"_blank\" rel=\"noreferrer noopener\">Qu\u00e8 he de saber del Graphic recording<\/a><\/li>\n\n\n\n<li><a href=\"https:\/\/youtu.be\/lV3cNRAeZ_c\" target=\"_blank\" rel=\"noreferrer noopener\">Ecoedici\u00f3 i il\u00b7lustraci\u00f3.  Comprom\u00eds, oportunitats i reptes de futur<\/a><\/li>\n\n\n\n<li><a href=\"https:\/\/youtu.be\/Ut9FuAjaVS0\" target=\"_blank\" rel=\"noreferrer noopener\">La il\u00b7lustraci\u00f3 als jocs de taula<\/a><\/li>\n\n\n\n<li><a href=\"https:\/\/apic.cat\/wp-admin\/admin.php?page=portal-de-recursos-apic\" target=\"_blank\" rel=\"noreferrer noopener\">Com preparar un portafolis d&#8217;il\u00b7lustraci\u00f3 gr\u00e0fico-t\u00e8xtil<\/a> (Area privada socis\/es)<\/li>\n\n\n\n<li><a href=\"https:\/\/apic.cat\/wp-admin\/admin.php?page=portal-de-recursos-apic\" target=\"_blank\" rel=\"noreferrer noopener\">Xerrada Tax BCB Advocats i economistes<\/a> (Area privada socis\/es)<\/li>\n\n\n\n<li><a href=\"https:\/\/www.youtube.com\/watch?v=Ft94PSo-ZFM\" target=\"_blank\" rel=\"noreferrer noopener\">Inclusi\u00f3, igualtat i accessibilitat en la il\u00b7lustraci\u00f3<\/a> <\/li>\n\n\n\n<li><a href=\"https:\/\/www.youtube.com\/watch?v=3j2E8WhUwUs\" target=\"_blank\" rel=\"noreferrer noopener\">Iniciaci\u00f3 a l\u2019optimitzaci\u00f3 de WordPress<\/a><\/li>\n\n\n\n<li><a rel=\"noreferrer noopener\" href=\"https:\/\/youtu.be\/eIbXWUSGkNs\" target=\"_blank\">Intel\u00b7lig\u00e8ncia artificial, il\u00b7lustraci\u00f3 i Propietat Intel\u00b7lectual<\/a><\/li>\n\n\n\n<li><a rel=\"noreferrer noopener\" href=\"https:\/\/youtu.be\/-uDFozVadto\" target=\"_blank\">Qu\u00e8 cal saber sobre la il\u00b7lustraci\u00f3 cient\u00edfica?<\/a><\/li>\n\n\n\n<li><a rel=\"noreferrer noopener\" href=\"https:\/\/www.youtube.com\/watch?v=L38UWIT-bxo\" target=\"_blank\">Coneix b\u00e9 els contractes per defensar-te millor<\/a><\/li>\n\n\n\n<li><a rel=\"noreferrer noopener\" href=\"https:\/\/youtu.be\/UetlyoatDuE\" target=\"_blank\">Com aconseguir clients potencials a trav\u00e9s de LinkedIn<\/a><\/li>\n\n\n\n<li><a rel=\"noreferrer noopener\" href=\"https:\/\/youtu.be\/8YGxMgZ8Stw\" target=\"_blank\">Els NFTs en el m\u00f3n de l&#8217;art i la il\u00b7lustraci\u00f3<\/a><\/li>\n\n\n\n<li><a href=\"https:\/\/www.youtube.com\/watch?v=hufpN1rq96o\">De la web 2 a la web 3. Cap a on anem?<\/a><\/li>\n\n\n\n<li><a rel=\"noreferrer noopener\" href=\"https:\/\/youtu.be\/PD_Vg5CxyMY\" target=\"_blank\">Com traslladar dissenys a formats grans<\/a><\/li>\n\n\n\n<li><a rel=\"noreferrer noopener\" href=\"https:\/\/www.youtube.com\/watch?v=lC4FID57M7c\" target=\"_blank\">Crea tu portafolio art\u00edstico en WordPress con Custom Post Type<\/a><\/li>\n\n\n\n<li><a rel=\"noreferrer noopener\" href=\"https:\/\/www.youtube.com\/watch?v=ARMPZaMVM2k\" target=\"_blank\">Com vendre les teves il\u00b7lustracions i vectors a bancs d\u2019imatges com Shutterstock, Adobe Stock o Vector Stock<\/a><\/li>\n\n\n\n<li><a rel=\"noreferrer noopener\" href=\"https:\/\/www.youtube.com\/watch?v=U-P5zayEtL8\" target=\"_blank\">T\u00e0ctiques i t\u00e8cniques de negociaci\u00f3. Com aconseguir els millors acords en els enc\u00e0rrecs professionals<\/a><\/li>\n\n\n\n<li><a rel=\"noreferrer noopener\" href=\"https:\/\/www.youtube.com\/watch?v=EkGyz8pSaYY\" target=\"_blank\">Com iniciar-te en la internacionalitzaci\u00f3<\/a><\/li>\n\n\n\n<li><a rel=\"noreferrer noopener\" href=\"https:\/\/www.youtube.com\/watch?v=O4pkQi90T6Y\" target=\"_blank\">Com treballar en els mercats internacionals d\u2019il\u00b7lustraci\u00f3<\/a><\/li>\n\n\n\n<li><a rel=\"noreferrer noopener\" href=\"https:\/\/www.youtube.com\/watch?v=DbEbofRrkW4\" target=\"_blank\">Qu\u00e8 he de saber sobre el muralisme?<\/a><\/li>\n\n\n\n<li><a rel=\"noreferrer noopener\" href=\"https:\/\/www.youtube.com\/watch?v=9K6ZH4Po9p8\" target=\"_blank\">Com fer un pressupost<\/a><\/li>\n\n\n\n<li><a rel=\"noreferrer noopener\" href=\"https:\/\/www.youtube.com\/watch?v=jIaedlTjao8\" target=\"_blank\">Qu\u00e8 em falta saber del sector de la publicitat?<\/a><\/li>\n\n\n\n<li><a rel=\"noreferrer noopener\" href=\"https:\/\/www.youtube.com\/watch?v=7wVCcca6-3Q\" target=\"_blank\">Qu\u00e8 em falta saber del sector del Licensing?<\/a><\/li>\n\n\n\n<li><a rel=\"noreferrer noopener\" href=\"https:\/\/www.youtube.com\/watch?v=TBqB_CDHi_8\" target=\"_blank\">Quins ingredients ha de tenir un bon portafolis per licensing?<\/a><\/li>\n\n\n\n<li><a rel=\"noreferrer noopener\" href=\"https:\/\/www.youtube.com\/watch?v=-HTvrk2yPC4\" target=\"_blank\">Qu\u00e8 em falta saber sobre contractes?<\/a><\/li>\n\n\n\n<li><a rel=\"noreferrer noopener\" href=\"https:\/\/www.youtube.com\/watch?v=E8gO__7GapU\" target=\"_blank\">Comunicaci\u00f3 efica\u00e7 quan tenim diferents estils<\/a><\/li>\n\n\n\n<li><a rel=\"noreferrer noopener\" href=\"https:\/\/www.youtube.com\/watch?v=vXWNbrIeMVM&amp;feature=youtu.be\" target=\"_blank\">Qu\u00e8 he de saber sobre una botiga electr\u00f2nica de productes il\u00b7lustrats?<\/a><\/li>\n\n\n\n<li><a rel=\"noreferrer noopener\" href=\"https:\/\/youtu.be\/mG4CfFxXPpM\" target=\"_blank\">Qu\u00e8 he de saber sobre la il\u00b7lustraci\u00f3 en moviment?<\/a><\/li>\n\n\n\n<li><a rel=\"noreferrer noopener\" href=\"https:\/\/www.youtube.com\/watch?v=HwIueQbIqG4\" target=\"_blank\">Com generar una obra gr\u00e0fica a partir d&#8217;un arxiu digital<\/a><\/li>\n<\/ul>","protected":false},"excerpt":{"rendered":"","protected":false},"author":766,"featured_media":0,"parent":0,"menu_order":0,"comment_status":"closed","ping_status":"closed","template":"","meta":{"_acf_changed":false,"footnotes":""},"class_list":["post-9880","page","type-page","status-publish","hentry"],"acf":[],"_links":{"self":[{"href":"https:\/\/apic.cat\/cas\/wp-json\/wp\/v2\/pages\/9880","targetHints":{"allow":["GET"]}}],"collection":[{"href":"https:\/\/apic.cat\/cas\/wp-json\/wp\/v2\/pages"}],"about":[{"href":"https:\/\/apic.cat\/cas\/wp-json\/wp\/v2\/types\/page"}],"author":[{"embeddable":true,"href":"https:\/\/apic.cat\/cas\/wp-json\/wp\/v2\/users\/766"}],"replies":[{"embeddable":true,"href":"https:\/\/apic.cat\/cas\/wp-json\/wp\/v2\/comments?post=9880"}],"version-history":[{"count":35,"href":"https:\/\/apic.cat\/cas\/wp-json\/wp\/v2\/pages\/9880\/revisions"}],"predecessor-version":[{"id":69638,"href":"https:\/\/apic.cat\/cas\/wp-json\/wp\/v2\/pages\/9880\/revisions\/69638"}],"wp:attachment":[{"href":"https:\/\/apic.cat\/cas\/wp-json\/wp\/v2\/media?parent=9880"}],"curies":[{"name":"wp","href":"https:\/\/api.w.org\/{rel}","templated":true}]}}