{"id":299,"date":"2021-04-26T08:07:59","date_gmt":"2021-04-26T08:07:59","guid":{"rendered":"http:\/\/localhost:88\/?page_id=299"},"modified":"2022-04-23T15:24:31","modified_gmt":"2022-04-23T15:24:31","slug":"cookies","status":"publish","type":"page","link":"https:\/\/apic.cat\/eng\/cookies\/","title":{"rendered":"Cookies"},"content":{"rendered":"<p>Cookies are small text files that are installed in the computers that access our website. Among other purposes, cookies record a user\u2019s preferences and browsing habits. They are associated to a user and to their computer, but they do not provide directly identifiable data. Some cookies, for example, advertising cookies, or those enabling statistics to be collected, require the user\u2019s consent on our website. In contrast, other cookies, such as of a technical nature or those needed to offer a service that the user requests, are essential to the website\u2019s operation. Cookies can be classified by their duration, who manages them, or their purpose.<\/p>\n\n\n\n<p><strong>COOKIE DURATION<\/strong><\/p>\n\n\n\n<p><em>Session Cookies: These are temporary and remain in your browser\u2019s cookie file until you leave the website.<\/em><em>:<\/em>&nbsp;s\u00f3n temporals i queden a l\u2019arxiu de galetes del vostre navegador fins el moment que abandoneu el lloc web.<\/p>\n\n\n\n<p><em>Persistents<\/em><em>:<\/em>&nbsp;Permanent Cookies: These cookies are stored on your computer and read by our website every time you visit us.<\/p>\n\n\n\n<p><strong>COOKIE MANAGEMENT<\/strong><\/p>\n\n\n\n<p><em>Own Cookies<\/em><em>:<\/em>&nbsp;These cookies belong to the owner of the website providing services to the user.<\/p>\n\n\n\n<p><em>Third-Party Cookies: These are sent to the user by a third party, not the website owner.<\/em><em>:<\/em>&nbsp;s\u2019envien a l\u2019usuari per part d\u2019un tercer, diferent al titular del lloc.<\/p>\n\n\n\n<p><strong>COOKIE PURPOSE<\/strong><\/p>\n\n\n\n<p><em>Essential Cookies<\/em><em>:<\/em>&nbsp;These are essential for you to be able to connect to the website. You cannot turn them off, since they are necessary for the website to function.<\/p>\n\n\n\n<p><em>Technical Cookies<\/em><em>:&nbsp;<\/em>These enable the website to control web traffic and communicate data, identify the session and access restricted pages, among other functions.<\/p>\n\n\n\n<p><em>Optional Cookies<\/em><em>:<\/em>&nbsp;These enable the website to remember your preferences (for example, the language or region in which you access the website), so as to provide you with advanced services.<\/p>\n\n\n\n<p><em>Analytical Cookies<\/em><em>:<\/em>&nbsp;These provide statistical information and enable us to improve our services. We use Google Analytics cookies, which you can deactivate by installing this&nbsp;<a href=\"https:\/\/tools.google.com\/dlpage\/gaoptout?hl=es\">plug-in<\/a>.<\/p>\n\n\n\n<p><em>Advertising Cookies<\/em><em>:<\/em>&nbsp;These offer advertising content related to the user\u2019s interests, either directly or else through third parties (\u201cadservers\u201d).<\/p>\n\n\n\n<p><em>Geolocation Cookies<\/em><em>:&nbsp;<\/em>To know the user\u2019s geographical location.<\/p>\n\n\n\n<p>Here we list the cookies that we use on our website, giving you the option (last column) to authorise the download.<\/p>\n\n\n\n<figure class=\"wp-block-table\"><table><tbody><tr><td><strong>PURPOSE<\/strong><\/td><td><strong>Supplier<\/strong><\/td><td><strong>Cookie NAME<\/strong><\/td><td><strong>Manager<\/strong><\/td><td><strong>Duration<\/strong><\/td><td><strong>Function<\/strong><\/td><td><strong>Activate<\/strong><\/td><\/tr><tr><td>Technical Cookies<\/td><td>APIC<\/td><td>lscache_vary<\/td><td>Own<\/td><td>Session<\/td><td>Enable browsing<\/td><td>Yes<\/td><\/tr><tr><td>Technical Cookies<\/td><td>APIC<\/td><td>cookie_notice<\/td><td>Own<\/td><td>Session<\/td><td>Remember cookie acceptance<\/td><td>Yes<\/td><\/tr><tr><td>Analytical Cookies<\/td><td>GOOGLE<\/td><td>_ga _utma _utmb<\/td><td>3rd Pty<\/td><td>2 years<\/td><td>Collect statistics<\/td><td>Yes<\/td><\/tr><tr><td>Technical Cookies<\/td><td>APIC<\/td><td>wp_sec_xxx<\/td><td>Own<\/td><td>Session<\/td><td>Session\tSecurity<\/td><td>Yes<\/td><\/tr><tr><td>Technical Cookies<\/td><td>APIC<\/td><td>PHPSESSID, wp_logged_in_xxx<\/td><td>Own<\/td><td>Session<\/td><td>Maintain user session<\/td><td>Yes<\/td><\/tr><\/tbody><\/table><\/figure>\n\n\n\n<p>You can revoke your consent on cookie use, deleting them through the options offered by your browser. You can also configure your browser so that it informs you beforehand regarding possible cookie installation. In the following links you will find information on how to do this.<\/p>\n\n\n\n<p>Using Firefox<a href=\"http:\/\/support.mozilla.org\/ca\/kb\/Galetes\">link<\/a>)<\/p>\n\n\n\n<p>Using Chrome<a href=\"http:\/\/support.google.com\/chrome\/bin\/answer.py?hl=es&amp;answer=95647\">link<\/a>)<\/p>\n\n\n\n<p>Using Explorer<a href=\"https:\/\/support.microsoft.com\/es-es\/help\/278835\/how-to-delete-cookie-files-in-internet-explorer\">link<\/a>)<\/p>\n\n\n\n<p>Using Edge<a href=\"https:\/\/support.microsoft.com\/es-es\/help\/4027947\/windows-delete-cookies\">link<\/a>)<\/p>\n\n\n\n<p>Using Safari on IOS<a href=\"http:\/\/support.apple.com\/kb\/HT1677?viewlocale=es_ES&amp;locale=es_ES\">link<\/a>)<\/p>\n\n\n\n<p>Using Opera<a href=\"https:\/\/help.opera.com\/en\/latest\/web-preferences\/#cookies\">link<\/a>)<\/p>","protected":false},"excerpt":{"rendered":"<p>Les cookies o galetes s\u00f3n petits arxius de text que s\u2019instal\u00b7len als equips des dels qual s\u2019accedeix al nostre lloc web. Entre altres finalitats, les cookies registren les prefer\u00e8ncies i els h\u00e0bits de navegaci\u00f3 d\u2019un usuari. S\u2019associen a l\u2019usuari i al seu equip, per\u00f2 no proporcionen dades directament identificatives. Algunes cookies, per exemple les que [&hellip;]<\/p>","protected":false},"author":766,"featured_media":0,"parent":0,"menu_order":0,"comment_status":"closed","ping_status":"closed","template":"template-parts\/cookie-page-template.php","meta":{"_acf_changed":false,"footnotes":""},"class_list":["post-299","page","type-page","status-publish","hentry"],"acf":[],"_links":{"self":[{"href":"https:\/\/apic.cat\/eng\/wp-json\/wp\/v2\/pages\/299","targetHints":{"allow":["GET"]}}],"collection":[{"href":"https:\/\/apic.cat\/eng\/wp-json\/wp\/v2\/pages"}],"about":[{"href":"https:\/\/apic.cat\/eng\/wp-json\/wp\/v2\/types\/page"}],"author":[{"embeddable":true,"href":"https:\/\/apic.cat\/eng\/wp-json\/wp\/v2\/users\/766"}],"replies":[{"embeddable":true,"href":"https:\/\/apic.cat\/eng\/wp-json\/wp\/v2\/comments?post=299"}],"version-history":[{"count":3,"href":"https:\/\/apic.cat\/eng\/wp-json\/wp\/v2\/pages\/299\/revisions"}],"predecessor-version":[{"id":425,"href":"https:\/\/apic.cat\/eng\/wp-json\/wp\/v2\/pages\/299\/revisions\/425"}],"wp:attachment":[{"href":"https:\/\/apic.cat\/eng\/wp-json\/wp\/v2\/media?parent=299"}],"curies":[{"name":"wp","href":"https:\/\/api.w.org\/{rel}","templated":true}]}}