{"id":51897,"date":"2025-03-05T13:00:31","date_gmt":"2025-03-05T13:00:31","guid":{"rendered":"https:\/\/apic.cat\/?page_id=51897"},"modified":"2026-03-19T07:05:09","modified_gmt":"2026-03-19T07:05:09","slug":"formulari-premis-junceda-2025","status":"publish","type":"page","link":"https:\/\/apic.cat\/eng\/formulari-premis-junceda-2025\/","title":{"rendered":"Formulari Premis Junceda 2025"},"content":{"rendered":"<h2 style=\"color:black\">Formulari Premis Junceda 2025<\/h2>\n\n\n\n<div class=\"wp-block-contact-form-7-contact-form-selector junceda-form\">\n<div class=\"wpcf7 no-js\" id=\"wpcf7-f51857-o1\" lang=\"ca\" dir=\"ltr\" data-wpcf7-id=\"51857\">\n<div class=\"screen-reader-response\"><p role=\"status\" aria-live=\"polite\" aria-atomic=\"true\"><\/p> <ul><\/ul><\/div>\n<form action=\"\/eng\/wp-json\/wp\/v2\/pages\/51897#wpcf7-f51857-o1\" method=\"post\" class=\"wpcf7-form init\" aria-label=\"Formulari de contacte\" enctype=\"multipart\/form-data\" novalidate=\"novalidate\" data-status=\"init\" data-trp-original-action=\"\/eng\/wp-json\/wp\/v2\/pages\/51897#wpcf7-f51857-o1\">\n<fieldset class=\"hidden-fields-container\"><input type=\"hidden\" name=\"_wpcf7\" value=\"51857\" \/><input type=\"hidden\" name=\"_wpcf7_version\" value=\"6.1.5\" \/><input type=\"hidden\" name=\"_wpcf7_locale\" value=\"ca\" \/><input type=\"hidden\" name=\"_wpcf7_unit_tag\" value=\"wpcf7-f51857-o1\" \/><input type=\"hidden\" name=\"_wpcf7_container_post\" value=\"0\" \/><input type=\"hidden\" name=\"_wpcf7_posted_data_hash\" value=\"\" \/><input type=\"hidden\" name=\"_wpcf7cf_hidden_group_fields\" value=\"[]\" \/><input type=\"hidden\" name=\"_wpcf7cf_hidden_groups\" value=\"[]\" \/><input type=\"hidden\" name=\"_wpcf7cf_visible_groups\" value=\"[]\" \/><input type=\"hidden\" name=\"_wpcf7cf_repeaters\" value=\"[]\" \/><input type=\"hidden\" name=\"_wpcf7cf_steps\" value=\"{}\" \/><input type=\"hidden\" name=\"_wpcf7cf_options\" value=\"{&quot;form_id&quot;:51857,&quot;conditions&quot;:[{&quot;then_field&quot;:&quot;group-autor&quot;,&quot;and_rules&quot;:[{&quot;if_field&quot;:&quot;autor&quot;,&quot;operator&quot;:&quot;not equals&quot;,&quot;if_value&quot;:&quot;S\\u00ed&quot;}]},{&quot;then_field&quot;:&quot;group-client&quot;,&quot;and_rules&quot;:[{&quot;if_field&quot;:&quot;your-category&quot;,&quot;operator&quot;:&quot;not equals&quot;,&quot;if_value&quot;:&quot;PREMI ELEFANTA&quot;},{&quot;if_field&quot;:&quot;your-category&quot;,&quot;operator&quot;:&quot;not equals&quot;,&quot;if_value&quot;:&quot;AUTOEDICI\\u00d3&quot;}]},{&quot;then_field&quot;:&quot;group-autoritzacio-autor&quot;,&quot;and_rules&quot;:[{&quot;if_field&quot;:&quot;autor&quot;,&quot;operator&quot;:&quot;not equals&quot;,&quot;if_value&quot;:&quot;S\\u00ed&quot;},{&quot;if_field&quot;:&quot;your-category&quot;,&quot;operator&quot;:&quot;not equals&quot;,&quot;if_value&quot;:&quot;PREMI ELEFANTA&quot;}]},{&quot;then_field&quot;:&quot;group-comprovant-estudis&quot;,&quot;and_rules&quot;:[{&quot;if_field&quot;:&quot;your-category&quot;,&quot;operator&quot;:&quot;equals&quot;,&quot;if_value&quot;:&quot;FUTURS PROFESSIONALS&quot;}]},{&quot;then_field&quot;:&quot;group-comprovant-pagament&quot;,&quot;and_rules&quot;:[{&quot;if_field&quot;:&quot;your-category&quot;,&quot;operator&quot;:&quot;not equals&quot;,&quot;if_value&quot;:&quot;PREMI ELEFANTA&quot;},{&quot;if_field&quot;:&quot;your-category&quot;,&quot;operator&quot;:&quot;not equals&quot;,&quot;if_value&quot;:&quot;AUTOEDICI\\u00d3&quot;},{&quot;if_field&quot;:&quot;your-category&quot;,&quot;operator&quot;:&quot;not equals&quot;,&quot;if_value&quot;:&quot;FUTURS PROFESSIONALS&quot;}]},{&quot;then_field&quot;:&quot;group-propi-autor&quot;,&quot;and_rules&quot;:[{&quot;if_field&quot;:&quot;autor&quot;,&quot;operator&quot;:&quot;equals&quot;,&quot;if_value&quot;:&quot;S\\u00ed&quot;}]},{&quot;then_field&quot;:&quot;group-veracitat-propi-autor&quot;,&quot;and_rules&quot;:[{&quot;if_field&quot;:&quot;autor&quot;,&quot;operator&quot;:&quot;equals&quot;,&quot;if_value&quot;:&quot;S\\u00ed&quot;}]}],&quot;settings&quot;:{&quot;animation&quot;:&quot;yes&quot;,&quot;animation_intime&quot;:200,&quot;animation_outtime&quot;:200,&quot;conditions_ui&quot;:&quot;normal&quot;,&quot;notice_dismissed&quot;:false,&quot;notice_dismissed_rollback-cf7-5.8.6&quot;:true,&quot;notice_dismissed_rollback-cf7-5.9.7&quot;:true}}\" \/>\n<\/fieldset>\n<div class=\"form-horizontal\">\n\t<div class=\"row\">\n\t\t<h4>Dades sol\u00b7licitant\n\t\t<\/h4>\n\t\t<div class=\"col-sm-6\">\n\t\t\t<div>\n\t\t\t\t<p>Ets soci\/a d\u2019APIC?*<span class=\"wpcf7-form-control-wrap\" data-name=\"partner\"><span class=\"wpcf7-form-control wpcf7-radio\"><span class=\"wpcf7-list-item first\"><label><input type=\"radio\" name=\"partner\" value=\"S\u00ed\" \/><span class=\"wpcf7-list-item-label\">Yes<\/span><\/label><\/span><span class=\"wpcf7-list-item last\"><label><input type=\"radio\" name=\"partner\" value=\"No\" \/><span class=\"wpcf7-list-item-label\">No<\/span><\/label><\/span><\/span><\/span>\n\t\t\t\t<\/p>\n\t\t\t<\/div>\n\t\t\t<div>\n\t\t\t\t<p>Ets el\/la mateix autor\/a?*<span class=\"wpcf7-form-control-wrap\" data-name=\"autor\"><span class=\"wpcf7-form-control wpcf7-radio\"><span class=\"wpcf7-list-item first\"><label><input type=\"radio\" name=\"autor\" value=\"S\u00ed\" \/><span class=\"wpcf7-list-item-label\">Yes<\/span><\/label><\/span><span class=\"wpcf7-list-item last\"><label><input type=\"radio\" name=\"autor\" value=\"No\" \/><span class=\"wpcf7-list-item-label\">No<\/span><\/label><\/span><\/span><\/span>\n\t\t\t\t<\/p>\n\t\t\t<\/div>\n\t\t\t<div>\n\t\t\t\t<p><span class=\"wpcf7-form-control-wrap\" data-name=\"your-name\"><input size=\"40\" maxlength=\"400\" class=\"wpcf7-form-control wpcf7-text wpcf7-validates-as-required\" aria-required=\"true\" aria-invalid=\"false\" placeholder=\"Nom*\" value=\"\" type=\"text\" name=\"your-name\" \/><\/span>\n\t\t\t\t<\/p>\n\t\t\t<\/div>\n\t\t\t<div>\n\t\t\t\t<p><span class=\"wpcf7-form-control-wrap\" data-name=\"your-address\"><input size=\"40\" maxlength=\"400\" class=\"wpcf7-form-control wpcf7-text wpcf7-validates-as-required\" aria-required=\"true\" aria-invalid=\"false\" placeholder=\"Adre\u00e7a*\" value=\"\" type=\"text\" name=\"your-address\" \/><\/span>\n\t\t\t\t<\/p>\n\t\t\t<\/div>\n\t\t\t<div>\n\t\t\t\t<p><span class=\"wpcf7-form-control-wrap\" data-name=\"your-city\"><input size=\"40\" maxlength=\"400\" class=\"wpcf7-form-control wpcf7-text wpcf7-validates-as-required\" aria-required=\"true\" aria-invalid=\"false\" placeholder=\"Poblaci\u00f3*\" value=\"\" type=\"text\" name=\"your-city\" \/><\/span>\n\t\t\t\t<\/p>\n\t\t\t<\/div>\n\t\t\t<div>\n\t\t\t\t<p><span class=\"wpcf7-form-control-wrap\" data-name=\"your-email\"><input size=\"40\" maxlength=\"400\" class=\"wpcf7-form-control wpcf7-email wpcf7-validates-as-required wpcf7-text wpcf7-validates-as-email\" aria-required=\"true\" aria-invalid=\"false\" placeholder=\"Email*\" value=\"\" type=\"email\" name=\"your-email\" \/><\/span>\n\t\t\t\t<\/p>\n\t\t\t<\/div>\n\t\t\t<div>\n\t\t\t\t<p><span class=\"wpcf7-form-control-wrap\" data-name=\"your-phone\"><input size=\"40\" maxlength=\"400\" class=\"wpcf7-form-control wpcf7-text wpcf7-validates-as-required\" aria-required=\"true\" aria-invalid=\"false\" placeholder=\"Tel\u00e8fon*\" value=\"\" type=\"text\" name=\"your-phone\" \/><\/span>\n\t\t\t\t<\/p>\n\t\t\t<\/div>\n\t\t\t<div>\n\t\t\t\t<p><span class=\"wpcf7-form-control-wrap\" data-name=\"your-zipcode\"><input size=\"40\" maxlength=\"400\" class=\"wpcf7-form-control wpcf7-text wpcf7-validates-as-required\" aria-required=\"true\" aria-invalid=\"false\" placeholder=\"Codi postal*\" value=\"\" type=\"text\" name=\"your-zipcode\" \/><\/span>\n\t\t\t\t<\/p>\n\t\t\t<\/div>\n\t\t\t<div data-id=\"group-propi-autor\" data-orig_data_id=\"group-propi-autor\"  class=\"\" data-class=\"wpcf7cf_group\">\n\t\t\t\t<div>\n\t\t\t\t\t<p><span class=\"wpcf7-form-control-wrap\" data-name=\"your-instagram\"><input size=\"40\" maxlength=\"400\" class=\"wpcf7-form-control wpcf7-text\" aria-invalid=\"false\" placeholder=\"Compte d&#039;Instagram\" value=\"\" type=\"text\" name=\"your-instagram\" \/><\/span>\n\t\t\t\t\t<\/p>\n\t\t\t\t<\/div>\n\t\t\t\t<div>\n\t\t\t\t\t<p><span class=\"wpcf7-form-control-wrap\" data-name=\"your-facebook\"><input size=\"40\" maxlength=\"400\" class=\"wpcf7-form-control wpcf7-text\" aria-invalid=\"false\" placeholder=\"Compte de Facebook\" value=\"\" type=\"text\" name=\"your-facebook\" \/><\/span>\n\t\t\t\t\t<\/p>\n\t\t\t\t<\/div>\n\t\t\t\t<div>\n\t\t\t\t\t<p><span class=\"wpcf7-form-control-wrap\" data-name=\"your-twitter\"><input size=\"40\" maxlength=\"400\" class=\"wpcf7-form-control wpcf7-text\" aria-invalid=\"false\" placeholder=\"Compte de Twitter\" value=\"\" type=\"text\" name=\"your-twitter\" \/><\/span>\n\t\t\t\t\t<\/p>\n\t\t\t\t<\/div>\n\t\t\t<\/div>\n\t\t<\/div>\n\t\t<div data-id=\"group-veracitat-propi-autor\" data-orig_data_id=\"group-veracitat-propi-autor\"  class=\"\" data-class=\"wpcf7cf_group\">\n\t\t\t<div class=\"submit\" style=\"margin-top:0;\">\n\t\t\t\t<p><span class=\"wpcf7-form-control-wrap\" data-name=\"checkbox-acceptance-residence-own\"><span class=\"wpcf7-form-control wpcf7-checkbox wpcf7-validates-as-required\"><span class=\"wpcf7-list-item first last\"><label><input type=\"checkbox\" name=\"checkbox-acceptance-residence-own[]\" value=\"Declaro sota la meva responsabilitat la veracitat de les dades respecte a la resid\u00e8ncia durant l&#039;any 2024.*\" \/><span class=\"wpcf7-list-item-label\">Declaro sota la meva responsabilitat la veracitat de les dades respecte a la resid\u00e8ncia durant l&#039;any 2024.*<\/span><\/label><\/span><\/span><\/span>\n\t\t\t\t<\/p>\n\t\t\t<\/div>\n\t\t<\/div>\n\t<\/div>\n\t<div data-id=\"group-autor\" data-orig_data_id=\"group-autor\"  class=\"\" data-class=\"wpcf7cf_group\">\n\t\t<div class=\"row\">\n\t\t\t<h4 style=\"margin-top:25px\">Dades autor\/a\n\t\t\t<\/h4>\n\t\t\t<div>\n\t\t\t\t<p><span class=\"wpcf7-form-control-wrap\" data-name=\"author-name\"><input size=\"40\" maxlength=\"400\" class=\"wpcf7-form-control wpcf7-text wpcf7-validates-as-required\" aria-required=\"true\" aria-invalid=\"false\" placeholder=\"Nom autor\/a*\" value=\"\" type=\"text\" name=\"author-name\" \/><\/span>\n\t\t\t\t<\/p>\n\t\t\t<\/div>\n\t\t\t<div>\n\t\t\t\t<p><span class=\"wpcf7-form-control-wrap\" data-name=\"author-email\"><input size=\"40\" maxlength=\"400\" class=\"wpcf7-form-control wpcf7-email wpcf7-validates-as-required wpcf7-text wpcf7-validates-as-email\" aria-required=\"true\" aria-invalid=\"false\" placeholder=\"Email autor\/a*\" value=\"\" type=\"email\" name=\"author-email\" \/><\/span>\n\t\t\t\t<\/p>\n\t\t\t<\/div>\n\t\t\t<div>\n\t\t\t\t<p><span class=\"wpcf7-form-control-wrap\" data-name=\"author-phone\"><input size=\"40\" maxlength=\"400\" class=\"wpcf7-form-control wpcf7-text wpcf7-validates-as-required\" aria-required=\"true\" aria-invalid=\"false\" placeholder=\"Tel\u00e8fon autor\/a*\" value=\"\" type=\"text\" name=\"author-phone\" \/><\/span>\n\t\t\t\t<\/p>\n\t\t\t<\/div>\n\t\t\t<div>\n\t\t\t\t<p><span class=\"wpcf7-form-control-wrap\" data-name=\"author-address\"><input size=\"40\" maxlength=\"400\" class=\"wpcf7-form-control wpcf7-text wpcf7-validates-as-required\" aria-required=\"true\" aria-invalid=\"false\" placeholder=\"Adre\u00e7a autor\/a*\" value=\"\" type=\"text\" name=\"author-address\" \/><\/span>\n\t\t\t\t<\/p>\n\t\t\t<\/div>\n\t\t\t<div>\n\t\t\t\t<p><span class=\"wpcf7-form-control-wrap\" data-name=\"author-city\"><input size=\"40\" maxlength=\"400\" class=\"wpcf7-form-control wpcf7-text wpcf7-validates-as-required\" aria-required=\"true\" aria-invalid=\"false\" placeholder=\"Poblaci\u00f3 autor\/a*\" value=\"\" type=\"text\" name=\"author-city\" \/><\/span>\n\t\t\t\t<\/p>\n\t\t\t<\/div>\n\t\t\t<div>\n\t\t\t\t<p><span class=\"wpcf7-form-control-wrap\" data-name=\"author-instagram\"><input size=\"40\" maxlength=\"400\" class=\"wpcf7-form-control wpcf7-text\" aria-invalid=\"false\" placeholder=\"Compte d&#039;Instagram autor\/a\" value=\"\" type=\"text\" name=\"author-instagram\" \/><\/span>\n\t\t\t\t<\/p>\n\t\t\t<\/div>\n\t\t\t<div>\n\t\t\t\t<p><span class=\"wpcf7-form-control-wrap\" data-name=\"author-facebook\"><input size=\"40\" maxlength=\"400\" class=\"wpcf7-form-control wpcf7-text\" aria-invalid=\"false\" placeholder=\"Compte de Facebook autor\/a\" value=\"\" type=\"text\" name=\"author-facebook\" \/><\/span>\n\t\t\t\t<\/p>\n\t\t\t<\/div>\n\t\t\t<div>\n\t\t\t\t<p><span class=\"wpcf7-form-control-wrap\" data-name=\"author-twitter\"><input size=\"40\" maxlength=\"400\" class=\"wpcf7-form-control wpcf7-text\" aria-invalid=\"false\" placeholder=\"Compte de Twitter autor\/a\" value=\"\" type=\"text\" name=\"author-twitter\" \/><\/span>\n\t\t\t\t<\/p>\n\t\t\t<\/div>\n\t\t<\/div>\n\t\t<div class=\"submit\" style=\"margin-top:0;\">\n\t\t\t<p><span class=\"wpcf7-form-control-wrap\" data-name=\"checkbox-acceptance-residence\"><span class=\"wpcf7-form-control wpcf7-checkbox wpcf7-validates-as-required\"><span class=\"wpcf7-list-item first last\"><label><input type=\"checkbox\" name=\"checkbox-acceptance-residence[]\" value=\"Declaro sota la meva responsabilitat la veracitat de les dades respecte a la resid\u00e8ncia durant l&#039;any 2024.*\" \/><span class=\"wpcf7-list-item-label\">Declaro sota la meva responsabilitat la veracitat de les dades respecte a la resid\u00e8ncia durant l&#039;any 2024.*<\/span><\/label><\/span><\/span><\/span>\n\t\t\t<\/p>\n\t\t<\/div>\n\t<\/div>\n\t<div class=\"row\">\n\t\t<h4 style=\"margin-top:25px\">Dades obra\n\t\t<\/h4>\n\t\t<div>\n\t\t\t<p><span class=\"wpcf7-form-control-wrap\" data-name=\"your-title\"><input size=\"40\" maxlength=\"400\" class=\"wpcf7-form-control wpcf7-text wpcf7-validates-as-required\" aria-required=\"true\" aria-invalid=\"false\" placeholder=\"T\u00edtol de l&#039;obra*\" value=\"\" type=\"text\" name=\"your-title\" \/><\/span>\n\t\t\t<\/p>\n\t\t<\/div>\n\t\t<div>\n\t\t\t<p>Categoria* <span class=\"wpcf7-form-control-wrap\" data-name=\"your-category\"><select class=\"wpcf7-form-control wpcf7-select wpcf7-validates-as-required form-control\" aria-required=\"true\" aria-invalid=\"false\" name=\"your-category\"><option value=\"\">Tria una categoria<\/option><option value=\"ANIMACI\u00d3\">ANIMACI\u00d3<\/option><option value=\"AUTOEDICI\u00d3\">AUTOEDICI\u00d3<\/option><option value=\"CIENT\u00cdFICA\">CIENT\u00cdFICA<\/option><option value=\"COBERTA DE LLIBRE\">COBERTA DE LLIBRE<\/option><option value=\"C\u00d2MIC\">C\u00d2MIC<\/option><option value=\"EDICIONS, DISSENY I PRODUCTE\">EDICIONS, DISSENY I PRODUCTE<\/option><option value=\"ESPAIS ESPEC\u00cdFICS\">ESPAIS ESPEC\u00cdFICS<\/option><option value=\"FUTURS PROFESSIONALS\">FUTURS PROFESSIONALS<\/option><option value=\"JUNCEDA GLOBAL\">JUNCEDA GLOBAL<\/option><option value=\"LLIBRE ADULT FICCI\u00d3\">LLIBRE ADULT FICCI\u00d3<\/option><option value=\"LLIBRE INFANTIL FICCI\u00d3\">LLIBRE INFANTIL FICCI\u00d3<\/option><option value=\"LLIBRE NO-FICCI\u00d3 (ADULT I INFANTIL)\">LLIBRE NO-FICCI\u00d3 (ADULT I INFANTIL)<\/option><option value=\"PREMI ELEFANTA\">PREMI ELEFANTA<\/option><option value=\"PREMSA I REVISTES\">PREMSA I REVISTES<\/option><option value=\"PUBLICITAT\">PUBLICITAT<\/option><\/select><\/span>\n\t\t\t<\/p>\n\t\t<\/div>\n\t\t<div data-id=\"group-client\" data-orig_data_id=\"group-client\"  class=\"\" data-class=\"wpcf7cf_group\">\n\t\t\t<div>\n\t\t\t\t<p><span class=\"wpcf7-form-control-wrap\" data-name=\"your-customer\"><input size=\"40\" maxlength=\"400\" class=\"wpcf7-form-control wpcf7-text wpcf7-validates-as-required\" aria-required=\"true\" aria-invalid=\"false\" placeholder=\"Client*\" value=\"\" type=\"text\" name=\"your-customer\" \/><\/span><small class=\"text-muted\"> (En cas de Premi Futurs Professionals s\u2019ha d\u2019indicar l\u2019Escola)<\/small>\n\t\t\t\t<\/p>\n\t\t\t<\/div>\n\t\t\t<div>\n\t\t\t\t<p><span class=\"wpcf7-form-control-wrap\" data-name=\"your-customer-email\"><input size=\"40\" maxlength=\"400\" class=\"wpcf7-form-control wpcf7-email wpcf7-validates-as-required wpcf7-text wpcf7-validates-as-email\" aria-required=\"true\" aria-invalid=\"false\" placeholder=\"Email client*\" value=\"\" type=\"email\" name=\"your-customer-email\" \/><\/span>\n\t\t\t\t<\/p>\n\t\t\t<\/div>\n\t\t<\/div>\n\t\t<h4 style=\"margin-top:25px\">Fitxers adjunts\n\t\t<\/h4>\n\t\t<div>\n\t\t\t<p>Adjunta el dossier de l'obra*<span class=\"wpcf7-form-control-wrap\" data-name=\"dossier-obra\"><input size=\"40\" class=\"wpcf7-form-control wpcf7-file wpcf7-validates-as-required\" accept=\".pdf,.jpg,.jpeg,.png,.doc,.docx,.odt\" aria-required=\"true\" aria-invalid=\"false\" type=\"file\" name=\"dossier-obra\" \/><\/span><small class=\"text-muted\">Pes m\u00e0xim: 6MB<\/small>\n\t\t\t<\/p>\n\t\t<\/div>\n\t\t<div data-id=\"group-comprovant-pagament\" data-orig_data_id=\"group-comprovant-pagament\"  class=\"\" data-class=\"wpcf7cf_group\">\n\t\t\t<div>\n\t\t\t\t<p>Adjunta el comprovant de pagament*<span class=\"wpcf7-form-control-wrap\" data-name=\"justificant-pagament\"><input size=\"40\" class=\"wpcf7-form-control wpcf7-file wpcf7-validates-as-required\" accept=\".pdf,.jpg,.jpeg,.png,.doc,.docx,.odt\" aria-required=\"true\" aria-invalid=\"false\" type=\"file\" name=\"justificant-pagament\" \/><\/span>\n\t\t\t\t<\/p>\n\t\t\t<\/div>\n\t\t<\/div>\n\t\t<div data-id=\"group-autoritzacio-autor\" data-orig_data_id=\"group-autoritzacio-autor\"  class=\"\" data-class=\"wpcf7cf_group\">\n\t\t\t<div>\n\t\t\t\t<p>Adjunta l'autoritzaci\u00f3 de l'autor\/a*<span class=\"wpcf7-form-control-wrap\" data-name=\"autoritzacio-autor\"><input size=\"40\" class=\"wpcf7-form-control wpcf7-file wpcf7-validates-as-required\" accept=\".pdf,.jpg,.jpeg,.png,.doc,.docx,.odt\" aria-required=\"true\" aria-invalid=\"false\" type=\"file\" name=\"autoritzacio-autor\" \/><\/span>\n\t\t\t\t<\/p>\n\t\t\t<\/div>\n\t\t<\/div>\n\t\t<div data-id=\"group-comprovant-estudis\" data-orig_data_id=\"group-comprovant-estudis\"  class=\"\" data-class=\"wpcf7cf_group\">\n\t\t\t<div class=\"form-group\">\n\t\t\t\t<p>Adjunta el comprovant d'estudis*<span class=\"wpcf7-form-control-wrap\" data-name=\"comprovant-estudis\"><input size=\"40\" class=\"wpcf7-form-control wpcf7-file wpcf7-validates-as-required\" accept=\".pdf,.jpg,.jpeg,.png,.doc,.docx,.odt\" aria-required=\"true\" aria-invalid=\"false\" type=\"file\" name=\"comprovant-estudis\" \/><\/span>\n\t\t\t\t<\/p>\n\t\t\t<\/div>\n\t\t<\/div>\n\t\t<div>\n\t\t\t<p><span class=\"wpcf7-form-control-wrap\" data-name=\"your-purpose\"><textarea cols=\"40\" rows=\"5\" maxlength=\"2000\" class=\"wpcf7-form-control wpcf7-textarea\" aria-invalid=\"false\" placeholder=\"Observacions generals (La descripci\u00f3 i comentaris sobre l\u2019obra inscrita s\u2019indicaran tan sols dins del dossier PDF)\" name=\"your-purpose\"><\/textarea><\/span>\n\t\t\t<\/p>\n\t\t<\/div>\n\t\t<div class=\"row\">\n\t\t\t<footer class=\"col-md-offset-2 col-md-10\">\n\t\t\t\t<div class=\"captcha-content\">\n\t\t\t\t\t<p>Codi CAPTCHA* <input type=\"hidden\" name=\"_wpcf7_captcha_challenge_captcha-verify\" value=\"3004312439\" \/><img loading=\"lazy\" decoding=\"async\" class=\"wpcf7-form-control wpcf7-captchac wpcf7-captcha-captcha-verify\" width=\"84\" height=\"28\" alt=\"captcha\" src=\"https:\/\/apic.cat\/wp-content\/uploads\/wpcf7_captcha\/3004312439.png\" \/><span class=\"wpcf7-form-control-wrap\" data-name=\"captcha-verify\"><input size=\"40\" class=\"wpcf7-form-control wpcf7-captchar form-control\" autocomplete=\"off\" aria-invalid=\"false\" value=\"\" type=\"text\" name=\"captcha-verify\" \/><\/span>\n\t\t\t\t\t<\/p>\n\t\t\t\t<\/div>\n\t\t\t\t<div class=\"submit\" style=\"margin-top:0;\">\n\t\t\t\t\t<p><span class=\"wpcf7-form-control-wrap\" data-name=\"checkbox-acceptance\"><span class=\"wpcf7-form-control wpcf7-checkbox wpcf7-validates-as-required\"><span class=\"wpcf7-list-item first last\"><label><input type=\"checkbox\" name=\"checkbox-acceptance[]\" value=\"Accepto la Llei de Protecci\u00f3 de dades.*\" \/><span class=\"wpcf7-list-item-label\">Accepto la Llei de Protecci\u00f3 de dades.*<\/span><\/label><\/span><\/span><\/span>\n\t\t\t\t\t<\/p>\n\t\t\t\t<\/div>\n\t\t\t\t<div class=\"submit\" style=\"margin-top:0;\">\n\t\t\t\t\t<p><input class=\"wpcf7-form-control wpcf7-submit has-spinner btn btn-gray btn-block\" type=\"submit\" value=\"Send\" \/>\n\t\t\t\t\t<\/p>\n\t\t\t\t<\/div>\n\t\t\t\t<div class=\"col-md-12\">\n\t\t\t\t<div class=\"wpcf7-response-output\" aria-hidden=\"true\"><\/div>\n\t\t\t\t<\/div>\n\t\t\t\t<div class=\"col-md-12 clearfix\">\n\t\t\t\t<\/div>\n\t\t\t\t<div class=\"col-md-12\">\n\t\t\t\t\t<p>Per donar compliment a la legislaci\u00f3 vigent sobre Protecci\u00f3 de Dades Personals li oferim a continuaci\u00f3 la informaci\u00f3<br \/>\nb\u00e0sica sobre el tractament de les seves dades, per accedir a la informaci\u00f3 completa visiti <a href=\"https:\/\/apic.cat\/eng\/\" target=\"_blank\">www.apic.cat<\/a>\n\t\t\t\t\t<\/p>\n\t\t\t\t\t<ul>\n\t\t\t\t\t\t<li>\n\t\t\t\t\t\t\t<p>El Responsable del Tractament de les seves dades personals ser\u00e0 L\u2019Associaci\u00f3 Professional d\u2019Il\u00b7lustradors de Catalunya.\n\t\t\t\t\t\t\t<\/p>\n\t\t\t\t\t\t<\/li>\n\t\t\t\t\t\t<li>\n\t\t\t\t\t\t\t<p>Tractar\u00e0 les seves dades amb la finalitat de poder inscriure-li en els nostres premis i aix\u00ed poder proporcionar-li aquesta formaci\u00f3.\n\t\t\t\t\t\t\t<\/p>\n\t\t\t\t\t\t<\/li>\n\t\t\t\t\t\t<li>\n\t\t\t\t\t\t\t<p>Vost\u00e8 podr\u00e0 en tot moment exercir el seu dret d\u2019acc\u00e9s, rectificaci\u00f3, supressi\u00f3, portabilitat, limitaci\u00f3 del tractament, i d\u2019oposici\u00f3 al tractament, dirigint-se al correu electr\u00f2nic <a href=\"mailto:info@apic.cat\">info@apic.cat<\/a>\n\t\t\t\t\t\t\t<\/p>\n\t\t\t\t\t\t<\/li>\n\t\t\t\t\t<\/ul>\n\t\t\t\t<\/div>\n\t\t\t<\/footer>\n\t\t<\/div>\n\t<\/div>\n\t<style>\nselect.form-control[name='your-category'] {\n height: 32px;\n}\nb.light{\n font-weight: 500;\n}\n\t<\/style>\n<\/div>\n<input type=\"hidden\" name=\"trp-form-language\" value=\"eng\"\/><\/form>\n<\/div>\n<\/div>","protected":false},"excerpt":{"rendered":"<p>Formulari Premis Junceda 2025<\/p>","protected":false},"author":766,"featured_media":0,"parent":0,"menu_order":0,"comment_status":"closed","ping_status":"closed","template":"","meta":{"_acf_changed":false,"footnotes":""},"class_list":["post-51897","page","type-page","status-publish","hentry"],"acf":[],"_links":{"self":[{"href":"https:\/\/apic.cat\/eng\/wp-json\/wp\/v2\/pages\/51897","targetHints":{"allow":["GET"]}}],"collection":[{"href":"https:\/\/apic.cat\/eng\/wp-json\/wp\/v2\/pages"}],"about":[{"href":"https:\/\/apic.cat\/eng\/wp-json\/wp\/v2\/types\/page"}],"author":[{"embeddable":true,"href":"https:\/\/apic.cat\/eng\/wp-json\/wp\/v2\/users\/766"}],"replies":[{"embeddable":true,"href":"https:\/\/apic.cat\/eng\/wp-json\/wp\/v2\/comments?post=51897"}],"version-history":[{"count":3,"href":"https:\/\/apic.cat\/eng\/wp-json\/wp\/v2\/pages\/51897\/revisions"}],"predecessor-version":[{"id":70184,"href":"https:\/\/apic.cat\/eng\/wp-json\/wp\/v2\/pages\/51897\/revisions\/70184"}],"wp:attachment":[{"href":"https:\/\/apic.cat\/eng\/wp-json\/wp\/v2\/media?parent=51897"}],"curies":[{"name":"wp","href":"https:\/\/api.w.org\/{rel}","templated":true}]}}