{"id":8273,"date":"2021-11-03T16:18:23","date_gmt":"2021-11-03T16:18:23","guid":{"rendered":"https:\/\/apic.cat\/?page_id=8273"},"modified":"2024-12-16T11:48:19","modified_gmt":"2024-12-16T11:48:19","slug":"associat","status":"publish","type":"page","link":"https:\/\/apic.cat\/eng\/associat\/","title":{"rendered":"Become a member!"},"content":{"rendered":"<figure class=\"wp-block-image size-full\"><img loading=\"lazy\" decoding=\"async\" width=\"1920\" height=\"763\" src=\"https:\/\/apic.cat\/wp-content\/uploads\/2022\/04\/3-3.jpg\" alt=\"\" class=\"wp-image-13668\" srcset=\"https:\/\/apic.cat\/wp-content\/uploads\/2022\/04\/3-3.jpg 1920w, https:\/\/apic.cat\/wp-content\/uploads\/2022\/04\/3-3-1280x509.jpg 1280w, https:\/\/apic.cat\/wp-content\/uploads\/2022\/04\/3-3-768x305.jpg 768w, https:\/\/apic.cat\/wp-content\/uploads\/2022\/04\/3-3-1536x610.jpg 1536w, https:\/\/apic.cat\/wp-content\/uploads\/2022\/04\/3-3-16x6.jpg 16w\" sizes=\"auto, (max-width: 1920px) 100vw, 1920px\" \/><\/figure>\n\n\n\n<p><\/p>\n\n\n\n<p>Forming part of APIC means belonging to a serious and disciplined professional collective that legitimises the illustration sector.<\/p>\n\n\n\n<p>To create a liveable world through illustration, it is vital that you contribute by fighting for and defending your own and your professional colleagues\u2019 rights. By being part of APIC, you bring about change!<\/p>\n\n\n\n<p>Do you want to be in touch with other professionals? Do you want to join and help create a community in which you can grow as an illustration professional?<\/p>\n\n\n\n<p>Have you got queries that need resolving with legal, tax, employment or professional experts?<\/p>\n\n\n\n<p>Would you like more tools and knowledge to attain professional success?<\/p>\n\n\n\n<p><strong>Why is it important to become a member?<\/strong><br>The group of creators who form the APIC community maintain a solid professional network, helping to undertake actions and offer services that enable illustrators to sustain a dignified professional career. Furthermore, supporting a professional association also means defending illustrators\u2019 rights and raising awareness of their work among the sector\u2019s various stakeholder groups.<\/p>\n\n\n\n<p><strong>Collective action is fundamental to be able to negotiate our working conditions from a place of strength.<\/strong><\/p>\n\n\n\n<p>The various commissions created by the APIC Board are open to all members. They are spaces for reflection and generating ideas that help improve the profession at large, and to resolve your concerns and problems in particular.<\/p>\n\n\n\n<p>Within APIC you form part of an illustrators\u2019 community with whom you share a vision, transfer knowledge and collectively build the profession\u2019s future.<\/p>\n\n\n\n<p><strong>As part of APIC, you enjoy the following benefits:<\/strong><\/p>\n\n\n\n<ul class=\"has-normal-font-size wp-block-list\">\n<li>Legal and taxation consultation<\/li>\n\n\n\n<li>Mentoring in generating business, internationalisation and digital transformation.<\/li>\n\n\n\n<li><a href=\"https:\/\/apic.cat\/eng\/portafolis\/\" target=\"_blank\" rel=\"noreferrer noopener\">Your portfolio<\/a> on the APIC website<\/li>\n\n\n\n<li>Promote your online store <a href=\"https:\/\/apic.cat\/eng\/botiga\/\" target=\"_blank\" rel=\"noreferrer noopener\">online store<\/a><\/li>\n\n\n\n<li>Attendance at international trade fairs in which APIC participates<\/li>\n\n\n\n<li>Specialised training at a reduced members\u2019 rate<\/li>\n\n\n\n<li>Attendance at virtual professional meet-ups, \u201cThe APIC Caf\u00e9\u201d<\/li>\n<\/ul>\n\n\n\n<p><strong>How much are membership fees and what do they include?<\/strong><\/p>\n\n\n<div class=\"lazyblock-associat-block-Z1lnloa wp-block-lazyblock-associat-block\">  \n<div class=\"apic-associat-block\">\n        <div id=\"apic-associat-block-item-0\" class=\"apic-associat-block-item\">\n        <h4 class=\"apic-associat-block-item-title\">Professional membership<\/h4>\n        <div class=\"apic-associat-block-item-price\"><h4>49.50 \u20ac<\/h4>\n            <span> per trimester<\/span>\n        <\/div>\n            <\/div>\n        <div id=\"apic-associat-block-item-1\" class=\"apic-associat-block-item\">\n        <h4 class=\"apic-associat-block-item-title\">Student<\/h4>\n        <div class=\"apic-associat-block-item-price\"><h4>24.75 \u20ac<\/h4>\n            <span> per trimester<\/span>\n        <\/div>\n                <div class=\"apic-associat-block-item-description\" aria-expanded=\"false\">\n        Applicable up to 4 years\u2019 maximum (minimum course, 60 hrs). In order to join at this membership tier, you must accompany your membership form with a receipt for payment of your latest studies in the fields of Illustration, or Fine Arts and Design .<br>Students can join APIC by showing their enrolment receipt. They will receive a discount of half their membership fees for one year after having finished their studies. If you are retired, you also receive a 50% discount in your membership fees.        <\/div>\n        <div class=\"plus\" onclick=\"open_associat_block(1)\"><i class=\"icon-CREU_02\"><\/i><\/div>\n            <\/div>\n        <div id=\"apic-associat-block-item-2\" class=\"apic-associat-block-item\">\n        <h4 class=\"apic-associat-block-item-title\">APIC Premium<\/h4>\n        <div class=\"apic-associat-block-item-price\"><h4>60 \u20ac<\/h4>\n            <span> per trimester<\/span>\n        <\/div>\n                <div class=\"apic-associat-block-item-description\" aria-expanded=\"false\">\n        Extra services:<br>\u00b7 Option of having a second profile on the APIC website<br>\u00b7 Use of the meeting room once a month (if it is not occupied)<br>\u00b7 Discount of 15% on 3 training courses at APIC        <\/div>\n        <div class=\"plus\" onclick=\"open_associat_block(2)\"><i class=\"icon-CREU_02\"><\/i><\/div>\n            <\/div>\n    <\/div><\/div>\n\n\n<p><strong>Join the APIC community<\/strong><br>Start enjoying your membership benefits right now by filling in this form. We are thrilled to welcome you to APIC!<\/p>\n\n\n\n<div id=\"associat-form\"><div class=\"wp-block-contact-form-7-contact-form-selector\">\n<div class=\"wpcf7 no-js\" id=\"wpcf7-f5134-o1\" lang=\"en-US\" dir=\"ltr\" data-wpcf7-id=\"5134\">\n<div class=\"screen-reader-response\"><p role=\"status\" aria-live=\"polite\" aria-atomic=\"true\"><\/p> <ul><\/ul><\/div>\n<form action=\"\/eng\/wp-json\/wp\/v2\/pages\/8273#wpcf7-f5134-o1\" method=\"post\" class=\"wpcf7-form init\" aria-label=\"Contact form\" novalidate=\"novalidate\" data-status=\"init\" data-trp-original-action=\"\/eng\/wp-json\/wp\/v2\/pages\/8273#wpcf7-f5134-o1\">\n<fieldset class=\"hidden-fields-container\"><input type=\"hidden\" name=\"_wpcf7\" value=\"5134\" \/><input type=\"hidden\" name=\"_wpcf7_version\" value=\"6.1.5\" \/><input type=\"hidden\" name=\"_wpcf7_locale\" value=\"en_US\" \/><input type=\"hidden\" name=\"_wpcf7_unit_tag\" value=\"wpcf7-f5134-o1\" \/><input type=\"hidden\" name=\"_wpcf7_container_post\" value=\"0\" \/><input type=\"hidden\" name=\"_wpcf7_posted_data_hash\" value=\"\" \/><input type=\"hidden\" name=\"_wpcf7cf_hidden_group_fields\" value=\"[]\" \/><input type=\"hidden\" name=\"_wpcf7cf_hidden_groups\" value=\"[]\" \/><input type=\"hidden\" name=\"_wpcf7cf_visible_groups\" value=\"[]\" \/><input type=\"hidden\" name=\"_wpcf7cf_repeaters\" value=\"[]\" \/><input type=\"hidden\" name=\"_wpcf7cf_steps\" value=\"{}\" \/><input type=\"hidden\" name=\"_wpcf7cf_options\" value=\"{&quot;form_id&quot;:5134,&quot;conditions&quot;:[],&quot;settings&quot;:{&quot;animation&quot;:&quot;yes&quot;,&quot;animation_intime&quot;:200,&quot;animation_outtime&quot;:200,&quot;conditions_ui&quot;:&quot;normal&quot;,&quot;notice_dismissed&quot;:false,&quot;notice_dismissed_rollback-cf7-5.8.6&quot;:true,&quot;notice_dismissed_rollback-cf7-5.9.7&quot;:true}}\" \/>\n<\/fieldset>\n<h3>Membership Form\n<\/h3>\n<p><label><br \/>\n<span class=\"wpcf7-form-control-wrap\" data-name=\"your-name\"><input size=\"40\" maxlength=\"400\" class=\"wpcf7-form-control wpcf7-text wpcf7-validates-as-required\" aria-required=\"true\" aria-invalid=\"false\" placeholder=\"Name and surname\" value=\"\" type=\"text\" name=\"your-name\" \/><\/span><br \/>\n<\/label><br \/>\n<label><br \/>\n<span class=\"wpcf7-form-control-wrap\" data-name=\"your-email\"><input size=\"40\" maxlength=\"400\" class=\"wpcf7-form-control wpcf7-email wpcf7-validates-as-required wpcf7-text wpcf7-validates-as-email\" aria-required=\"true\" aria-invalid=\"false\" placeholder=\"Email\" value=\"\" type=\"email\" name=\"your-email\" \/><\/span><br \/>\n<\/label><br \/>\n<label><br \/>\n<span class=\"wpcf7-form-control-wrap\" data-name=\"tel-440\"><input size=\"40\" maxlength=\"400\" class=\"wpcf7-form-control wpcf7-tel wpcf7-validates-as-required wpcf7-text wpcf7-validates-as-tel\" aria-required=\"true\" aria-invalid=\"false\" placeholder=\"Phone\" value=\"\" type=\"tel\" name=\"tel-440\" \/><\/span><br \/>\n<\/label><br \/>\n<label><br \/>\n<span class=\"wpcf7-form-control-wrap\" data-name=\"text-457\"><input size=\"40\" maxlength=\"400\" class=\"wpcf7-form-control wpcf7-text\" aria-invalid=\"false\" placeholder=\"Adress\" value=\"\" type=\"text\" name=\"text-457\" \/><\/span><br \/>\n<\/label><br \/>\n<label><br \/>\n<span class=\"wpcf7-form-control-wrap\" data-name=\"text-439\"><input size=\"40\" maxlength=\"400\" class=\"wpcf7-form-control wpcf7-text\" aria-invalid=\"false\" placeholder=\"City\" value=\"\" type=\"text\" name=\"text-439\" \/><\/span><br \/>\n<\/label><br \/>\n<label><br \/>\n<span class=\"wpcf7-form-control-wrap\" data-name=\"text-177\"><input size=\"40\" maxlength=\"400\" class=\"wpcf7-form-control wpcf7-text\" aria-invalid=\"false\" placeholder=\"Postal code\" value=\"\" type=\"text\" name=\"text-177\" \/><\/span><br \/>\n<\/label><br \/>\n<label><br \/>\n<span class=\"wpcf7-form-control-wrap\" data-name=\"text-457\"><input size=\"40\" maxlength=\"400\" class=\"wpcf7-form-control wpcf7-text\" aria-invalid=\"false\" placeholder=\"Web\" value=\"\" type=\"text\" name=\"text-457\" \/><\/span><br \/>\n<\/label><br \/>\nFees<br \/>\n<span class=\"wpcf7-form-control-wrap\" data-name=\"radio-465\"><span class=\"wpcf7-form-control wpcf7-radio\"><span class=\"wpcf7-list-item first\"><label><input type=\"radio\" name=\"radio-465\" value=\"Estudiant\" checked=\"checked\" \/><span class=\"wpcf7-list-item-label\">Student<\/span><\/label><\/span><span class=\"wpcf7-list-item\"><label><input type=\"radio\" name=\"radio-465\" value=\"Professional\" \/><span class=\"wpcf7-list-item-label\">Professional membership<\/span><\/label><\/span><span class=\"wpcf7-list-item last\"><label><input type=\"radio\" name=\"radio-465\" value=\"Premium\" \/><span class=\"wpcf7-list-item-label\">Premium<\/span><\/label><\/span><\/span><\/span>\n<\/p>\n<p><label><br \/>\n<span class=\"wpcf7-form-control-wrap\" data-name=\"your-message\"><textarea cols=\"40\" rows=\"10\" maxlength=\"2000\" class=\"wpcf7-form-control wpcf7-textarea\" aria-invalid=\"false\" placeholder=\"Message\" name=\"your-message\"><\/textarea><\/span><br \/>\n<\/label>\n<\/p>\n<div class=\"submit\">\n\t<p><span class=\"wpcf7-form-control-wrap\" data-name=\"checkbox-accept\"><span class=\"wpcf7-form-control wpcf7-checkbox wpcf7-validates-as-required\"><span class=\"wpcf7-list-item first last\"><label><input type=\"checkbox\" name=\"checkbox-accept[]\" value=\"Acceptaci\u00f3 de la Llei de Protecci\u00f3 de dades.\" \/><span class=\"wpcf7-list-item-label\">Acceptance of the Data Protection Law.<\/span><\/label><\/span><\/span><\/span>\n\t<\/p>\n\t<p><input class=\"wpcf7-form-control wpcf7-submit has-spinner\" type=\"submit\" value=\"Contact\" \/>\n\t<\/p>\n<\/div><div class=\"wpcf7-response-output\" aria-hidden=\"true\"><\/div>\n<input type=\"hidden\" name=\"trp-form-language\" value=\"eng\"\/><\/form>\n<\/div>\n<\/div><\/div>\n\n\n\n<p><\/p>\n\n\n\n<p>Basic information on data protection<\/p>\n\n\n\n<figure class=\"wp-block-table\"><table><tbody><tr><td>Data manager<\/td><td>Professional Illustrators\u2019 Association of Catalonia (hereinafter, APIC)<\/td><\/tr><tr><td>Purpose<\/td><td>We process your data so as to answer your queries, consultations and suggestions.<\/td><\/tr><tr><td>Owner\u2019s rights<\/td><td>You can exercise your rights to access, rectify, delete, limit processing and oppose the information stored in this database by writing to info@apic.cat<br>d\u2019oposici\u00f3 al tractament, dirigint-se al registre d\u2019entrada a&nbsp;<a href=\"mailto:info@apic.es\">info@apic.cat<\/a><\/td><\/tr><\/tbody><\/table><\/figure>\n\n\n\n<p>To learn more about our privacy policy,&nbsp;<a href=\"https:\/\/apic.cat\/eng\/politica-de-privacitat\/\">click here.<\/a><\/p>","protected":false},"excerpt":{"rendered":"<p>Ser de l\u2019APIC significa pert\u00e0nyer a un col\u00b7lectiu professional, seri\u00f3s i rigor\u00f3s que legitima el sector de la il\u00b7lustraci\u00f3. Per fer de la il\u00b7lustraci\u00f3 un m\u00f3n habitable, \u00e9s important que contribueixis amb la lluita i la defensa dels teus drets i els de la resta de companys i companyes de la professi\u00f3. Sent de l\u2019APIC [&hellip;]<\/p>","protected":false},"author":766,"featured_media":0,"parent":0,"menu_order":0,"comment_status":"closed","ping_status":"closed","template":"template-parts\/associat-page-template.php","meta":{"_acf_changed":false,"footnotes":""},"class_list":["post-8273","page","type-page","status-publish","hentry"],"acf":[],"_links":{"self":[{"href":"https:\/\/apic.cat\/eng\/wp-json\/wp\/v2\/pages\/8273","targetHints":{"allow":["GET"]}}],"collection":[{"href":"https:\/\/apic.cat\/eng\/wp-json\/wp\/v2\/pages"}],"about":[{"href":"https:\/\/apic.cat\/eng\/wp-json\/wp\/v2\/types\/page"}],"author":[{"embeddable":true,"href":"https:\/\/apic.cat\/eng\/wp-json\/wp\/v2\/users\/766"}],"replies":[{"embeddable":true,"href":"https:\/\/apic.cat\/eng\/wp-json\/wp\/v2\/comments?post=8273"}],"version-history":[{"count":70,"href":"https:\/\/apic.cat\/eng\/wp-json\/wp\/v2\/pages\/8273\/revisions"}],"predecessor-version":[{"id":48484,"href":"https:\/\/apic.cat\/eng\/wp-json\/wp\/v2\/pages\/8273\/revisions\/48484"}],"wp:attachment":[{"href":"https:\/\/apic.cat\/eng\/wp-json\/wp\/v2\/media?parent=8273"}],"curies":[{"name":"wp","href":"https:\/\/api.w.org\/{rel}","templated":true}]}}